{"id":50177,"date":"2021-10-27T11:19:05","date_gmt":"2021-10-27T09:19:05","guid":{"rendered":"https:\/\/nadineshop.emblematik.dev\/?page_id=50177"},"modified":"2024-07-24T14:30:58","modified_gmt":"2024-07-24T12:30:58","slug":"allgemeine-geschaftsbedingungen","status":"publish","type":"page","link":"https:\/\/mademois-elle.ch\/?page_id=50177&lang=de","title":{"rendered":"Allgemeine Gesch\u00e4ftsbedingungen"},"content":{"rendered":"<p>[et_pb_section fb_built=\u00a0\u00bb1&Prime; _builder_version=\u00a0\u00bb4.16&Prime; _module_preset=\u00a0\u00bbdefault\u00a0\u00bb global_colors_info=\u00a0\u00bb{}\u00a0\u00bb][et_pb_row _builder_version=\u00a0\u00bb4.16&Prime; _module_preset=\u00a0\u00bbdefault\u00a0\u00bb width=\u00a0\u00bb90%\u00a0\u00bb global_colors_info=\u00a0\u00bb{}\u00a0\u00bb][et_pb_column type=\u00a0\u00bb4_4&Prime; _builder_version=\u00a0\u00bb4.16&Prime; _module_preset=\u00a0\u00bbdefault\u00a0\u00bb global_colors_info=\u00a0\u00bb{}\u00a0\u00bb][et_pb_text _builder_version=\u00a0\u00bb4.16&Prime; _module_preset=\u00a0\u00bbdefault\u00a0\u00bb text_font=\u00a0\u00bbtypo3medium||||||||\u00a0\u00bb text_font_size=\u00a0\u00bb12px\u00a0\u00bb max_width=\u00a0\u00bb90%\u00a0\u00bb module_alignment=\u00a0\u00bbcenter\u00a0\u00bb global_colors_info=\u00a0\u00bb{}\u00a0\u00bb]<\/p>\n<p><strong>Allgemeine Gesch\u00e4ftsbedingungen &#8211; AGB<\/strong><\/p>\n<ol>\n<li><strong> <\/strong><strong>Geltungsbereich<\/strong><\/li>\n<\/ol>\n<p>Die hier aufgef\u00fchrten allgemeinen Gesch\u00e4ftsbedingungen (nachfolgend \u00abAGB\u00bb) werden einerseits von MADEMOIS&rsquo;elle by Nadine Falk, mit Sitz in Murten in der Schweiz, im Handelsregister des Kantons Freiburg unter der Nummer CHE-363.172.335 eingetragen, und andererseits von jeder nat\u00fcrlichen oder juristischen Person, die einen Kauf \u00fcber die nachstehende Internetseite t\u00e4tigen m\u00f6chte, abgeschlossen:<\/p>\n<p><u>https:\/\/mademois-elle.ch<\/u><\/p>\n<p>Mit der Annahme der vorliegenden AGB erkl\u00e4ren Sie, dass Sie in Ihrem Wohnsitzland die Vollj\u00e4hrigkeit erreicht haben.<\/p>\n<p>Wir k\u00f6nnen von Ihnen unter der folgenden Adresse kontaktieren werden:<\/p>\n<p>Website: https:\/\/mademois-elle.ch<\/p>\n<p>Kontakt per E-Mail: info@mademois-elle.ch<\/p>\n<ol start=\"2\">\n<li><strong> <\/strong><strong>Eigentum vom Inhalt der Website<\/strong><\/li>\n<\/ol>\n<p>Alle Texte, Kommentare, Illustrationen und Bilder, die auf der Website wiedergegeben werden, unterliegen dem Urheberrecht und dem Recht auf geistiges Eigentum f\u00fcr die ganze Welt. In diesem Zusammenhang und in \u00dcbereinstimmung mit den Bestimmungen des Gesetzes \u00fcber geistiges Eigentum ist nur die private Nutzung erlaubt, vorbehaltlich anderer, noch restriktiverer Bestimmungen des Gesetzes \u00fcber geistiges Eigentum. Jede vollst\u00e4ndige oder teilweise Vervielf\u00e4ltigung der oben genannten Website ist ohne vorherige Zustimmung strengstens untersagt.<\/p>\n<p>Die Vervielf\u00e4ltigung, Ver\u00f6ffentlichung, \u00dcbertragung, \u00c4nderung oder Verbreitung der Bestandteile dieser Website (einschlie\u00dflich der Software) unabh\u00e4ngig von der Art und Weise sind strengstens untersagt. MADEMOIS&rsquo;elle beh\u00e4lt sich das Recht vor, Zuwiderhandelnde gerichtlich zu belangen.<\/p>\n<ol start=\"3\">\n<li><strong> <\/strong><strong>Bestellung und Auftragsbest\u00e4tigung<\/strong><\/li>\n<\/ol>\n<p>Der Kunde kann auf der Website https:\/\/mademois-elle.ch bestellen. Der Bestellvorgang l\u00e4uft wie folgt ab:<\/p>\n<ul>\n<li>Auswahl der Produkte und Einlegen in den Warenkorb<\/li>\n<li>Best\u00e4tigung des Inhalts des Warenkorbs<\/li>\n<li>Annahme der AGB<\/li>\n<li>Adressdaten des Empf\u00e4ngers (Name\/Vorname\/Rechnungsadresse\/Zustelladresse\/E-Mail-Adresse\/Telefonnummer)<\/li>\n<li>Auftragsbest\u00e4tigung<\/li>\n<li>Best\u00e4tigung der Zahlung<\/li>\n<\/ul>\n<p>Der Vertrag kommt erst mit der Auftragsbest\u00e4tigung des Verk\u00e4ufers zustande. Der Verk\u00e4ufer best\u00e4tigt die Bestellung und deren Bezahlung durch eine E-Mail an die vom Kunden angegebene E-Mail Adresse.<\/p>\n<p>Der Verk\u00e4ufer beh\u00e4lt sich das Recht vor, jede Bestellung eines Kunden zu stornieren oder abzulehnen, wenn ein Streitfall \u00fcber die Bezahlung einer fr\u00fcheren Bestellung besteht oder der nach Ansicht des Verk\u00e4ufers ein Risiko darstellt.<\/p>\n<p>Der Kunde haftet f\u00fcr die dem Verk\u00e4ufer mitgeteilte Angaben. Alle vom Kunden verursachte Unregelm\u00e4\u00dfigkeiten k\u00f6nnen dem Verk\u00e4ufer nicht angelastet werden, falls er den Auftrag nicht ausf\u00fchren kann.<\/p>\n<ol start=\"4\">\n<li><strong> <\/strong><strong>Produkt<\/strong><\/li>\n<\/ol>\n<p>Die technischen Beschreibungen der Produkte beruhen auf den Angaben der Lieferanten. MADEMOIS&rsquo;elle haftet f\u00fcr die Unterschiede in Farbe und Ausf\u00fchrung nicht. Die Bilder sind reine Richtwerte und die Farbunterschiede k\u00f6nnen durch Einstellungen von abwechslungsreichen Bildschirmen erfolgen.<\/p>\n<p>Um eine lange Lebensdauer Ihres Schmucks zu gew\u00e4hrleisten, vermeiden Sie bitte direkten Kontakt mit Parf\u00fcms, Haarspray, Lotionen und anderen chemischen Produkten. Nehmen Sie Ihren Schmuck \u00fcber Nacht ab und vermeiden Sie den Kontakt mit Wasser (Baden, Duschen&#8230;) oder Schwimmen. Bewahren Sie Ihren Schmuck an trockenen und k\u00fchlen Orten auf.<\/p>\n<p>Die Schmuckkollektion wird aus Silber 925 gefertigt. Goldene Teile werden mit 1-5 Micron vergoldet. Bei den verarbeiteten Steinen handelt es sich um: Mondstein, Amazonit, Rauchquarz, Achat, Onyx, Calzedon, Amethyst, Perlmutt, Quarz, T\u00fcrkis, Bronzit, Korallen, Muscheln, Riverstone, Perlmutt-Doubletten. Bei einzelnen Schmuckst\u00fccken werden auch Tschechische Glasperlen verarbeitet.<\/p>\n<ol start=\"5\">\n<li><strong> <\/strong><strong>Nichtverf\u00fcgbarkeit des Produkts<\/strong><\/li>\n<\/ol>\n<p>Der Verk\u00e4ufer beh\u00e4lt sich das Recht vor, die Produktsortiment zu \u00e4ndern. Einige Angebote k\u00f6nnen zeitlich begrenzt, deren G\u00fcltigkeitsdauer f\u00fcr jedes Produkt angegeben wird.<\/p>\n<p>Der Verk\u00e4ufer haftet daf\u00fcr, dass die auf der Website eingegangenen Bestellungen nur im Rahmen der verf\u00fcgbaren Best\u00e4nde auszuf\u00fchren sind. Ausschliesslich kann ein Produkt, das auf der Website ab Lager verf\u00fcgbar ist, nach der endg\u00fcltigen Ausl\u00f6sung der Bestellung nicht mehr verf\u00fcgbar sein.<\/p>\n<p>Falls ein oder mehrere bestellte Produkte nicht innerhalb des angegebenen Zeitraums verf\u00fcgbar sein, soll der Verk\u00e4ufer die Kunden so schnell wie m\u00f6glich per E-Mail informieren.<\/p>\n<p>Die Bestellung wird automatisch storniert und sp\u00e4testens innerhalb von 15 Tagen nach der Zahlung der geleisteten Betr\u00e4ge zur\u00fcckerstattet, ausser wenn der Kunde ausdr\u00fccklich w\u00fcnscht, ein vom Verk\u00e4ufer empfohlenes Ersatzprodukt auszuw\u00e4hlen oder die Lagererg\u00e4nzung abzuwarten.<\/p>\n<p>F\u00fcr die Stornierung einer solchen Bestellung wird keine Strafe erhoben, da der Verk\u00e4ufer nicht f\u00fcr Fehlbest\u00e4nde haftet. Der Kunde kann auch keine Entsch\u00e4digung f\u00fcr die Stornierung verlangen, au\u00dfer der vollst\u00e4ndigen R\u00fcckerstattung der Bestellung.<\/p>\n<ol start=\"6\">\n<li><strong> <\/strong><strong>Pers\u00f6nliche Daten<\/strong><\/li>\n<\/ol>\n<p>Die \u00dcbermittlung Ihrer pers\u00f6nlichen Daten in unserem Shop unterliegt unseren Datenschutzbestimmungen. Klicken Sie hier, um unsere Datenschutzrichtlinie einzusehen.<\/p>\n<ol start=\"7\">\n<li><strong> <\/strong><strong>Preise und Sonderangebote<\/strong><\/li>\n<\/ol>\n<p>Alle Preise auf unserer Website sind in CHF (Schweizer Franken) angegeben (inkl. gesetzliche Mehrwertsteuer in der jeweils geltenden H\u00f6he), Versandkosten zuz\u00fcglich.<\/p>\n<p>Die Zahlungen m\u00fcssen in CHF (Schweizer Franken) erfolgen, unabh\u00e4ngig von Ihrer Referenzw\u00e4hrung.<\/p>\n<p>Sonderangebote oder Rabatte sind nur bis zum angegebenen Datum oder solange der Bestand aufgebraucht ist.<\/p>\n<ol start=\"8\">\n<li><strong> <\/strong><strong>Zahlungsart<\/strong><\/li>\n<\/ol>\n<p>Die Online-Zahlung kann per Kreditkarte, Vorauskasse oder Twint erfolgen. Der Kunde nimmt an, dass seine Zahlungsmethode mit dem Gesamtbetrag belastet wird, der zum Zeitpunkt der Bestellung f\u00e4llig ist.<\/p>\n<p>Der Kunde verpflichtet sich, die Bankkarte, deren Inhaber er ist, pers\u00f6nlich zu benutzen. Im Falle einer betr\u00fcgerischen Nutzung kann der Verk\u00e4ufer nicht haftbar gemacht werden. Bei Fehlen einer Bankverbindung oder bei Ablehnung durch die Bankstellen wird der Auftrag automatisch storniert.<\/p>\n<p>Die Produkte bleiben bis zur vollst\u00e4ndigen Bezahlung Eigentum des Verk\u00e4ufers.<\/p>\n<ol start=\"9\">\n<li><strong> <\/strong><strong>Versand<\/strong><\/li>\n<\/ol>\n<p>Nach Eingang Ihrer Bestellung auf der Website wird Ihre Bestellung so schnell wie m\u00f6glich bearbeitet. Alle Versendungen werden durch die Schweizerische Post abgewickelt. Die Ware wird zwischen 2 und 5 Arbeitstagen ausgeliefert. Bei l\u00e4ngeren Verz\u00f6gerungen werden Sie informiert und haben die M\u00f6glichkeit, Ihre Bestellung kostenlos zu stornieren.<\/p>\n<p>Die Versandkosten sind Festpreise, die von der Lieferadresse und dem Gewicht der Pakete abh\u00e4ngen.<\/p>\n<ol start=\"10\">\n<li><strong> <\/strong><strong>Widerruf<\/strong><\/li>\n<\/ol>\n<p>Die Stornierung der Bestellung muss innerhalb 7 Tagen nach Erhalt der Ware geltend gemacht werden. Wenn die Bestellung bereits versandt wurde, sendet der Kunde den\/die Artikel auf eigene Kosten an MADEMOIS&rsquo;elle zur\u00fcck und die R\u00fcckerstattung erfolgt nach Erhalt der zur\u00fcckgesandten Artikel.<\/p>\n<ol start=\"11\">\n<li><strong> <\/strong><strong>Umtausch und R\u00fcckzahlungen<\/strong><\/li>\n<\/ol>\n<p>Wenn Sie innerhalb von 5 Tagen nach Erhalt Ihrer Bestellung einen Fehler feststellen (Gr\u00f6\u00dfe, Farbe, Schnitt, Defekt), setzen Sie sich mit uns per E-Mail in Verbindung<\/p>\n<p><u>info@mademois-elle.ch<\/u><\/p>\n<p>Im Falle einer R\u00fccksendung erstatten wir den bereits gezahlten Gesamtbetrag nach Erhalt des betreffenden Artikels. Alle Artikel als Sonderangebote sowie Geschenkkarten werden nicht zur\u00fcckgenommen noch umgetauscht.<\/p>\n<ol start=\"12\">\n<li><strong> <\/strong><strong>R\u00fcckgabe<\/strong><\/li>\n<\/ol>\n<p>Wenn Sie einen Artikel an uns zur\u00fccksenden m\u00f6chten, f\u00fcllen Sie bitte das R\u00fccksendeformular aus, das dem Artikel beiliegt, oder kontaktieren Sie uns (bitte geben Sie an, welchen Artikel Sie zur\u00fccksenden m\u00f6chten) unter<\/p>\n<p>info@mademois-elle.ch<\/p>\n<p>Au\u00dferdem bitten wir darum, die Ware in der Originalverpackung an uns zur\u00fcckzusenden.<\/p>\n<p>Wenn Sie Waren im Wert von mehr als 100 CHF zur\u00fccksenden, wird empfohlen, einen Zustelldienst zu nutzen, der eine Sendungsverfolgung erm\u00f6glicht, oder eine Versandversicherung abzuschliessen. Wir k\u00f6nnen nicht garantieren, dass wir den zur\u00fcckgesandten Artikel erhalten.<\/p>\n<p>Bitte senden Sie Waren an:<\/p>\n<p>MADEMOIS&rsquo;elle by Nadine Falk<\/p>\n<p><span>Engelhardstrasse 33<\/span><\/p>\n<p>CH-3280 Murten<\/p>\n<ol start=\"13\">\n<li><strong> <\/strong><strong>Gew\u00e4hrleistung<\/strong><\/li>\n<\/ol>\n<p>Alle auf der Website angebotenen Artikel unterliegen der gesetzlichen Garantie in Bezug auf die Folgen von M\u00e4ngeln oder versteckten Fehlern, die die Produkte betreffen k\u00f6nnen. Dies ist im Zivilgesetzbuch vorgesehen.<\/p>\n<p>Reklamationen wegen Nicht\u00fcbereinstimmung oder offensichtlicher M\u00e4ngel der gelieferten Artikel m\u00fcssen innerhalb 10 Tagen nach Erhalt der Ware geltend gemacht werden.<\/p>\n<p>Nach Ablauf dieser Frist und bei Nichteinhaltung dieser Formalit\u00e4t gelten die Artikel als konform und frei von offensichtlichen M\u00e4ngeln, und keine Anspr\u00fcche k\u00f6nnen geltend gemacht werden.<\/p>\n<ol start=\"14\">\n<li><strong> <\/strong><strong>\u00c4nderungen der AGB<\/strong><\/li>\n<\/ol>\n<p>Sie k\u00f6nnen die aktuelle Version der AGB jederzeit auf dieser Seite zur Kenntnis nehmen.<\/p>\n<p>Wir behalten uns das Recht vor, nach eigenem Ermessen jeden Teil diese AGB zu aktualisieren, zu \u00e4ndern oder zu ersetzen, indem wir Aktualisierungen und \u00c4nderungen auf unserer Website ver\u00f6ffentlichen. Sie sind verantwortlich, unsere Website regelm\u00e4\u00dfig zu besuchen, um sich \u00fcber \u00c4nderungen zu informieren. Wenn Sie unsere Website nach der Ver\u00f6ffentlichung von \u00c4nderungen an diesen AGB weiterhin nutzen oder darauf zugreifen, sind Sie mit diesen \u00c4nderungen einverstanden.<\/p>\n<ol start=\"15\">\n<li><strong> <\/strong><strong>Kontaktinformationen<\/strong><\/li>\n<\/ol>\n<p>Fragen zu den AGB sollten an folgende Adresse gerichtet werden<\/p>\n<p><u>info@mademois-elle.ch<\/u><\/p>\n<ol start=\"16\">\n<li><strong> <\/strong><strong>Anwendbares Recht<\/strong><\/li>\n<\/ol>\n<p>Auf alle Beziehungen zwischen den Kunden und MADEMOIS&rsquo;elle ist das Schweizer Recht anwendbar. Vor der Einleitung eines Gerichtsverfahrens muss eine einvernehmliche L\u00f6sung angestrebt werden.<\/p>\n<p>[\/et_pb_text][\/et_pb_column][\/et_pb_row][\/et_pb_section]<\/p>\n","protected":false},"excerpt":{"rendered":"<p>Allgemeine Gesch\u00e4ftsbedingungen &#8211; AGB Geltungsbereich Die hier aufgef\u00fchrten allgemeinen Gesch\u00e4ftsbedingungen (nachfolgend \u00abAGB\u00bb) werden einerseits von MADEMOIS&rsquo;elle by Nadine Falk, mit Sitz in Murten in der Schweiz, im Handelsregister des Kantons Freiburg unter der Nummer CHE-363.172.335 eingetragen, und andererseits von jeder nat\u00fcrlichen oder juristischen Person, die einen Kauf \u00fcber die nachstehende Internetseite t\u00e4tigen m\u00f6chte, abgeschlossen: https:\/\/mademois-elle.ch [&hellip;]<\/p>\n","protected":false},"author":1,"featured_media":0,"parent":0,"menu_order":0,"comment_status":"closed","ping_status":"closed","template":"","meta":{"_et_pb_use_builder":"on","_et_pb_old_content":"<!-- wp:divi\/placeholder \/-->","_et_gb_content_width":"","footnotes":""},"class_list":["post-50177","page","type-page","status-publish","hentry"],"_links":{"self":[{"href":"https:\/\/mademois-elle.ch\/index.php?rest_route=\/wp\/v2\/pages\/50177","targetHints":{"allow":["GET"]}}],"collection":[{"href":"https:\/\/mademois-elle.ch\/index.php?rest_route=\/wp\/v2\/pages"}],"about":[{"href":"https:\/\/mademois-elle.ch\/index.php?rest_route=\/wp\/v2\/types\/page"}],"author":[{"embeddable":true,"href":"https:\/\/mademois-elle.ch\/index.php?rest_route=\/wp\/v2\/users\/1"}],"replies":[{"embeddable":true,"href":"https:\/\/mademois-elle.ch\/index.php?rest_route=%2Fwp%2Fv2%2Fcomments&post=50177"}],"version-history":[{"count":8,"href":"https:\/\/mademois-elle.ch\/index.php?rest_route=\/wp\/v2\/pages\/50177\/revisions"}],"predecessor-version":[{"id":59416,"href":"https:\/\/mademois-elle.ch\/index.php?rest_route=\/wp\/v2\/pages\/50177\/revisions\/59416"}],"wp:attachment":[{"href":"https:\/\/mademois-elle.ch\/index.php?rest_route=%2Fwp%2Fv2%2Fmedia&parent=50177"}],"curies":[{"name":"wp","href":"https:\/\/api.w.org\/{rel}","templated":true}]}}