{"id":50181,"date":"2021-10-27T11:20:02","date_gmt":"2021-10-27T09:20:02","guid":{"rendered":"https:\/\/nadineshop.emblematik.dev\/?page_id=50181"},"modified":"2024-07-24T14:33:19","modified_gmt":"2024-07-24T12:33:19","slug":"faq-seiten","status":"publish","type":"page","link":"https:\/\/mademois-elle.ch\/?page_id=50181&lang=de","title":{"rendered":"FAQ-Seiten"},"content":{"rendered":"<p>[et_pb_section fb_built=\u00a0\u00bb1&Prime; _builder_version=\u00a0\u00bb4.16&Prime; _module_preset=\u00a0\u00bbdefault\u00a0\u00bb global_colors_info=\u00a0\u00bb{}\u00a0\u00bb][et_pb_row _builder_version=\u00a0\u00bb4.16&Prime; _module_preset=\u00a0\u00bbdefault\u00a0\u00bb global_colors_info=\u00a0\u00bb{}\u00a0\u00bb][et_pb_column type=\u00a0\u00bb4_4&Prime; _builder_version=\u00a0\u00bb4.16&Prime; _module_preset=\u00a0\u00bbdefault\u00a0\u00bb global_colors_info=\u00a0\u00bb{}\u00a0\u00bb][et_pb_text _builder_version=\u00a0\u00bb4.16&Prime; _module_preset=\u00a0\u00bbdefault\u00a0\u00bb header_font=\u00a0\u00bbtypo3medium|700||on|||||\u00a0\u00bb header_text_align=\u00a0\u00bbcenter\u00a0\u00bb header_font_size=\u00a0\u00bb45px\u00a0\u00bb global_colors_info=\u00a0\u00bb{}\u00a0\u00bb]<\/p>\n<h1>faq<\/h1>\n<p>[\/et_pb_text][\/et_pb_column][\/et_pb_row][et_pb_row _builder_version=\u00a0\u00bb4.16&Prime; _module_preset=\u00a0\u00bbdefault\u00a0\u00bb width=\u00a0\u00bb90%\u00a0\u00bb global_colors_info=\u00a0\u00bb{}\u00a0\u00bb][et_pb_column type=\u00a0\u00bb4_4&Prime; _builder_version=\u00a0\u00bb4.16&Prime; _module_preset=\u00a0\u00bbdefault\u00a0\u00bb global_colors_info=\u00a0\u00bb{}\u00a0\u00bb][et_pb_accordion open_toggle_text_color=\u00a0\u00bb#D6B27A\u00a0\u00bb open_toggle_background_color=\u00a0\u00bb#FFFFFF\u00a0\u00bb closed_toggle_background_color=\u00a0\u00bb#D6B27A\u00a0\u00bb icon_color=\u00a0\u00bb#000000&Prime; _builder_version=\u00a0\u00bb4.16&Prime; _module_preset=\u00a0\u00bbdefault\u00a0\u00bb toggle_text_color=\u00a0\u00bb#FFFFFF\u00a0\u00bb toggle_font=\u00a0\u00bbtypo3medium|600|||||||\u00a0\u00bb body_font=\u00a0\u00bbtypo3medium||||||||\u00a0\u00bb body_font_size=\u00a0\u00bb12px\u00a0\u00bb max_width=\u00a0\u00bb90%\u00a0\u00bb module_alignment=\u00a0\u00bbcenter\u00a0\u00bb global_colors_info=\u00a0\u00bb{}\u00a0\u00bb][et_pb_accordion_item title=\u00a0\u00bbBestellung\u00a0\u00bb open=\u00a0\u00bboff\u00a0\u00bb _builder_version=\u00a0\u00bb4.16&Prime; _module_preset=\u00a0\u00bbdefault\u00a0\u00bb global_colors_info=\u00a0\u00bb{}\u00a0\u00bb]<\/p>\n<p><strong>Wie bestelle ich im Online-Shop?<\/strong><\/p>\n<p>Sie bestellen in unserem Shop, indem Sie den gew\u00fcnschten Artikel durch Klick auf den Warenkorb-Button.<\/p>\n<p><strong><\/strong><\/p>\n<p><strong><\/strong><\/p>\n<p><strong>Kann ich auch per E-Mail bestellen?<\/strong><\/p>\n<p>Waren k\u00f6nnen durch das Online-Shop bestellt werden.<\/p>\n<p><strong><\/strong><\/p>\n<p><strong><\/strong><\/p>\n<p><strong>Kann ich meine Bestellung im Nachhinein stornieren?<\/strong><\/p>\n<p>Bitte kontakieren Sie uns an i<u>nfo@mademois-elle.ch<\/u> um die Bestellung zu stornieren.<\/p>\n<p><strong><\/strong><\/p>\n<p><strong><\/strong><\/p>\n<p><strong>Wie w\u00e4hlen Sie Ihre Gr\u00f6sse aus?<\/strong><\/p>\n<p>Bitte sehen Sie die Beschreibung von jedem Artikel ein.<\/p>\n<p>[\/et_pb_accordion_item][et_pb_accordion_item title=\u00a0\u00bbLieferung\u00a0\u00bb _builder_version=\u00a0\u00bb4.16&Prime; _module_preset=\u00a0\u00bbdefault\u00a0\u00bb global_colors_info=\u00a0\u00bb{}\u00a0\u00bb open=\u00a0\u00bboff\u00a0\u00bb]<\/p>\n<p><strong>Wie hoch sind die Versandkosten?<\/strong><\/p>\n<p>Bei Bestellungen ab CHF 90.- sind die Lieferungen kostenfrei, unter diesem Betrag werden Ihnen CHF 8.50 in Rechnung gestellt.<\/p>\n<p>Geschenkkarten werden kostenlos verschickt.<\/p>\n<h3><\/h3>\n<p><strong><\/strong><\/p>\n<p><strong>Wie lange sind die Lieferzeiten?<\/strong><\/p>\n<p>Die Ware wird zwischen 2 und 5 Arbeitstagen ausgeliefert<\/p>\n<p>[\/et_pb_accordion_item][et_pb_accordion_item title=\u00a0\u00bbZahlungsart\u00a0\u00bb _builder_version=\u00a0\u00bb4.16&Prime; _module_preset=\u00a0\u00bbdefault\u00a0\u00bb global_colors_info=\u00a0\u00bb{}\u00a0\u00bb open=\u00a0\u00bboff\u00a0\u00bb]<\/p>\n<p><strong>Wie k\u00f6nnen Sie bezahlen?<\/strong><\/p>\n<p>Die Online-Zahlung kann per Kreditkarte, Vorauskasse oder Twint erfolgen<\/p>\n<p>[\/et_pb_accordion_item][et_pb_accordion_item title=\u00a0\u00bbR\u00fccksendungen\u00a0\u00bb _builder_version=\u00a0\u00bb4.16&Prime; _module_preset=\u00a0\u00bbdefault\u00a0\u00bb global_colors_info=\u00a0\u00bb{}\u00a0\u00bb open=\u00a0\u00bboff\u00a0\u00bb]<\/p>\n<p><strong>Wie retourniere ich mein Paket?<\/strong><\/p>\n<p>Wir bitten Sie die Ware in der Originalverpackung an uns zur\u00fcckzusenden und das R\u00fccksendeformular auszuf\u00fcllen, das dem Artikel beiliegt, oder kontaktieren Sie uns (bitte geben Sie an, welchen Artikel Sie zur\u00fccksenden m\u00f6chten) unter <u><a href=\"mailto:info@mademois-elle.ch\">info@mademois-elle.ch<\/a><\/u><\/p>\n<p><u><\/u><\/p>\n<p><strong><\/strong><\/p>\n<p><strong>Was mache ich wenn etwas falsch geliefert wurde?<\/strong><\/p>\n<p>Bitte kontaktieren Sie uns an <u><a href=\"mailto:info@mademois-elle.ch\">info@mademois-elle.ch<\/a><\/u><\/p>\n<p>[\/et_pb_accordion_item][et_pb_accordion_item title=\u00a0\u00bbWeitere Fragen\u00a0\u00bb _builder_version=\u00a0\u00bb4.16&Prime; _module_preset=\u00a0\u00bbdefault\u00a0\u00bb global_colors_info=\u00a0\u00bb{}\u00a0\u00bb open=\u00a0\u00bbon\u00a0\u00bb]<\/p>\n<p><strong>Gibt es einen Showroom\/ ein Ladengesch\u00e4ft?<\/strong><\/p>\n<p>Ein Showroom befindet sich im Aufbau.<\/p>\n<p>[\/et_pb_accordion_item][\/et_pb_accordion][\/et_pb_column][\/et_pb_row][\/et_pb_section]<\/p>\n","protected":false},"excerpt":{"rendered":"<p>faqWie bestelle ich im Online-Shop? Sie bestellen in unserem Shop, indem Sie den gew\u00fcnschten Artikel durch Klick auf den Warenkorb-Button. Kann ich auch per E-Mail bestellen? Waren k\u00f6nnen durch das Online-Shop bestellt werden. Kann ich meine Bestellung im Nachhinein stornieren? Bitte kontakieren Sie uns an info@mademois-elle.ch um die Bestellung zu stornieren. Wie w\u00e4hlen Sie Ihre [&hellip;]<\/p>\n","protected":false},"author":1,"featured_media":0,"parent":0,"menu_order":0,"comment_status":"closed","ping_status":"closed","template":"","meta":{"_et_pb_use_builder":"on","_et_pb_old_content":"","_et_gb_content_width":"","footnotes":""},"class_list":["post-50181","page","type-page","status-publish","hentry"],"_links":{"self":[{"href":"https:\/\/mademois-elle.ch\/index.php?rest_route=\/wp\/v2\/pages\/50181","targetHints":{"allow":["GET"]}}],"collection":[{"href":"https:\/\/mademois-elle.ch\/index.php?rest_route=\/wp\/v2\/pages"}],"about":[{"href":"https:\/\/mademois-elle.ch\/index.php?rest_route=\/wp\/v2\/types\/page"}],"author":[{"embeddable":true,"href":"https:\/\/mademois-elle.ch\/index.php?rest_route=\/wp\/v2\/users\/1"}],"replies":[{"embeddable":true,"href":"https:\/\/mademois-elle.ch\/index.php?rest_route=%2Fwp%2Fv2%2Fcomments&post=50181"}],"version-history":[{"count":7,"href":"https:\/\/mademois-elle.ch\/index.php?rest_route=\/wp\/v2\/pages\/50181\/revisions"}],"predecessor-version":[{"id":59418,"href":"https:\/\/mademois-elle.ch\/index.php?rest_route=\/wp\/v2\/pages\/50181\/revisions\/59418"}],"wp:attachment":[{"href":"https:\/\/mademois-elle.ch\/index.php?rest_route=%2Fwp%2Fv2%2Fmedia&parent=50181"}],"curies":[{"name":"wp","href":"https:\/\/api.w.org\/{rel}","templated":true}]}}