{"id":52628,"date":"2021-11-19T22:50:03","date_gmt":"2021-11-19T21:50:03","guid":{"rendered":"https:\/\/nadineshop.emblematik.dev\/?post_type=product&#038;p=52628"},"modified":"2023-03-16T22:14:10","modified_gmt":"2023-03-16T21:14:10","slug":"sac-emmanuelle-kaki","status":"publish","type":"product","link":"https:\/\/mademois-elle.ch\/?product=sac-emmanuelle-kaki&lang=fr","title":{"rendered":"Sac Emmanuelle Kaki"},"content":{"rendered":"","protected":false},"excerpt":{"rendered":"<p>En cuir<\/p>\n<p>Peut \u00eatre port\u00e9 \u00e0 la main ou sur l&rsquo;\u00e9paule<\/p>\n<p>L 180 mm\/ l 120 mm\/ h 220 mm<\/p>\n","protected":false},"featured_media":54413,"comment_status":"open","ping_status":"closed","template":"","meta":{"_et_pb_use_builder":"","_et_pb_old_content":"","_et_gb_content_width":""},"product_brand":[],"product_cat":[24],"product_tag":[],"class_list":{"0":"post-52628","1":"product","2":"type-product","3":"status-publish","4":"has-post-thumbnail","6":"product_cat-accessoires","8":"first","9":"instock","10":"sale","11":"shipping-taxable","12":"purchasable","13":"product-type-simple"},"_links":{"self":[{"href":"https:\/\/mademois-elle.ch\/index.php?rest_route=\/wp\/v2\/product\/52628","targetHints":{"allow":["GET"]}}],"collection":[{"href":"https:\/\/mademois-elle.ch\/index.php?rest_route=\/wp\/v2\/product"}],"about":[{"href":"https:\/\/mademois-elle.ch\/index.php?rest_route=\/wp\/v2\/types\/product"}],"replies":[{"embeddable":true,"href":"https:\/\/mademois-elle.ch\/index.php?rest_route=%2Fwp%2Fv2%2Fcomments&post=52628"}],"wp:featuredmedia":[{"embeddable":true,"href":"https:\/\/mademois-elle.ch\/index.php?rest_route=\/wp\/v2\/media\/54413"}],"wp:attachment":[{"href":"https:\/\/mademois-elle.ch\/index.php?rest_route=%2Fwp%2Fv2%2Fmedia&parent=52628"}],"wp:term":[{"taxonomy":"product_brand","embeddable":true,"href":"https:\/\/mademois-elle.ch\/index.php?rest_route=%2Fwp%2Fv2%2Fproduct_brand&post=52628"},{"taxonomy":"product_cat","embeddable":true,"href":"https:\/\/mademois-elle.ch\/index.php?rest_route=%2Fwp%2Fv2%2Fproduct_cat&post=52628"},{"taxonomy":"product_tag","embeddable":true,"href":"https:\/\/mademois-elle.ch\/index.php?rest_route=%2Fwp%2Fv2%2Fproduct_tag&post=52628"}],"curies":[{"name":"wp","href":"https:\/\/api.w.org\/{rel}","templated":true}]}}