{"id":52692,"date":"2021-11-21T09:38:47","date_gmt":"2021-11-21T08:38:47","guid":{"rendered":"https:\/\/nadineshop.emblematik.dev\/?post_type=product&#038;p=52692"},"modified":"2025-01-07T21:27:53","modified_gmt":"2025-01-07T20:27:53","slug":"jean-slouchy","status":"publish","type":"product","link":"https:\/\/mademois-elle.ch\/?product=jean-slouchy&lang=fr","title":{"rendered":"Jeans Slouchy"},"content":{"rendered":"","protected":false},"excerpt":{"rendered":"<p>Marque Blue Rags<\/p>\n<p>Denim &#8211; stretch<\/p>\n<p>A pinces &#8211; poches de c\u00f4t\u00e9s et a l&rsquo;arri\u00e8re<\/p>\n<p>82% coton &#8211; 15% polyester &#8211; 3% \u00e9lasthane<\/p>\n<p>&nbsp;<\/p>\n<p>&nbsp;<\/p>\n<p>&nbsp;<\/p>\n<p>&nbsp;<\/p>\n<p>&nbsp;<\/p>\n","protected":false},"featured_media":57884,"comment_status":"open","ping_status":"closed","template":"","meta":{"_et_pb_use_builder":"","_et_pb_old_content":"","_et_gb_content_width":""},"product_brand":[],"product_cat":[63,23],"product_tag":[],"class_list":{"0":"post-52692","1":"product","2":"type-product","3":"status-publish","4":"has-post-thumbnail","6":"product_cat-pantalons-jeans","7":"product_cat-pret-a-porter","9":"first","10":"instock","11":"sale","12":"shipping-taxable","13":"purchasable","14":"product-type-variable"},"_links":{"self":[{"href":"https:\/\/mademois-elle.ch\/index.php?rest_route=\/wp\/v2\/product\/52692","targetHints":{"allow":["GET"]}}],"collection":[{"href":"https:\/\/mademois-elle.ch\/index.php?rest_route=\/wp\/v2\/product"}],"about":[{"href":"https:\/\/mademois-elle.ch\/index.php?rest_route=\/wp\/v2\/types\/product"}],"replies":[{"embeddable":true,"href":"https:\/\/mademois-elle.ch\/index.php?rest_route=%2Fwp%2Fv2%2Fcomments&post=52692"}],"wp:featuredmedia":[{"embeddable":true,"href":"https:\/\/mademois-elle.ch\/index.php?rest_route=\/wp\/v2\/media\/57884"}],"wp:attachment":[{"href":"https:\/\/mademois-elle.ch\/index.php?rest_route=%2Fwp%2Fv2%2Fmedia&parent=52692"}],"wp:term":[{"taxonomy":"product_brand","embeddable":true,"href":"https:\/\/mademois-elle.ch\/index.php?rest_route=%2Fwp%2Fv2%2Fproduct_brand&post=52692"},{"taxonomy":"product_cat","embeddable":true,"href":"https:\/\/mademois-elle.ch\/index.php?rest_route=%2Fwp%2Fv2%2Fproduct_cat&post=52692"},{"taxonomy":"product_tag","embeddable":true,"href":"https:\/\/mademois-elle.ch\/index.php?rest_route=%2Fwp%2Fv2%2Fproduct_tag&post=52692"}],"curies":[{"name":"wp","href":"https:\/\/api.w.org\/{rel}","templated":true}]}}