{"id":52743,"date":"2021-11-21T14:56:11","date_gmt":"2021-11-21T13:56:11","guid":{"rendered":"https:\/\/nadineshop.emblematik.dev\/?post_type=product&#038;p=52743"},"modified":"2023-04-19T18:09:49","modified_gmt":"2023-04-19T16:09:49","slug":"gilet-margot-creme","status":"publish","type":"product","link":"https:\/\/mademois-elle.ch\/?product=gilet-margot-creme&lang=fr","title":{"rendered":"Gilet Margot Cr\u00e8me"},"content":{"rendered":"","protected":false},"excerpt":{"rendered":"<p>Fronc\u00e9 aux \u00e9paules, boutons assortis<\/p>\n<p>Existe en autres couleurs<\/p>\n<p>TU &#8211; convient aux tailles 36 \u00e0 40<\/p>\n<p>48% Acrylique &#8211; 25% Polyamide &#8211; 19% Filament &#8211; 8% Alpaga<\/p>\n<p>&nbsp;<\/p>\n","protected":false},"featured_media":57902,"comment_status":"open","ping_status":"closed","template":"","meta":{"_et_pb_use_builder":"","_et_pb_old_content":"","_et_gb_content_width":""},"product_brand":[],"product_cat":[23,59],"product_tag":[],"class_list":{"0":"post-52743","1":"product","2":"type-product","3":"status-publish","4":"has-post-thumbnail","6":"product_cat-pret-a-porter","7":"product_cat-pulls-gilets","9":"first","10":"instock","11":"shipping-taxable","12":"purchasable","13":"product-type-simple"},"_links":{"self":[{"href":"https:\/\/mademois-elle.ch\/index.php?rest_route=\/wp\/v2\/product\/52743","targetHints":{"allow":["GET"]}}],"collection":[{"href":"https:\/\/mademois-elle.ch\/index.php?rest_route=\/wp\/v2\/product"}],"about":[{"href":"https:\/\/mademois-elle.ch\/index.php?rest_route=\/wp\/v2\/types\/product"}],"replies":[{"embeddable":true,"href":"https:\/\/mademois-elle.ch\/index.php?rest_route=%2Fwp%2Fv2%2Fcomments&post=52743"}],"wp:featuredmedia":[{"embeddable":true,"href":"https:\/\/mademois-elle.ch\/index.php?rest_route=\/wp\/v2\/media\/57902"}],"wp:attachment":[{"href":"https:\/\/mademois-elle.ch\/index.php?rest_route=%2Fwp%2Fv2%2Fmedia&parent=52743"}],"wp:term":[{"taxonomy":"product_brand","embeddable":true,"href":"https:\/\/mademois-elle.ch\/index.php?rest_route=%2Fwp%2Fv2%2Fproduct_brand&post=52743"},{"taxonomy":"product_cat","embeddable":true,"href":"https:\/\/mademois-elle.ch\/index.php?rest_route=%2Fwp%2Fv2%2Fproduct_cat&post=52743"},{"taxonomy":"product_tag","embeddable":true,"href":"https:\/\/mademois-elle.ch\/index.php?rest_route=%2Fwp%2Fv2%2Fproduct_tag&post=52743"}],"curies":[{"name":"wp","href":"https:\/\/api.w.org\/{rel}","templated":true}]}}