{"id":52996,"date":"2021-11-26T18:54:39","date_gmt":"2021-11-26T17:54:39","guid":{"rendered":"https:\/\/mademois-elle.ch\/?post_type=product&#038;p=52996"},"modified":"2024-03-21T19:42:15","modified_gmt":"2024-03-21T18:42:15","slug":"rock-ena-blau","status":"publish","type":"product","link":"https:\/\/mademois-elle.ch\/?product=rock-ena-blau&lang=de","title":{"rendered":"Rock Ena Blau"},"content":{"rendered":"","protected":false},"excerpt":{"rendered":"<p>Wundersch\u00f6ner Faltenrock<\/p>\n<p>Leicht gl\u00e4nzend<\/p>\n<p>TU &#8211; Geeignet f\u00fcr die Gr\u00f6\u00dfen 36 bis 42.<\/p>\n<p>100% Polyester<\/p>\n","protected":false},"featured_media":52997,"comment_status":"open","ping_status":"closed","template":"","meta":{"_et_pb_use_builder":"","_et_pb_old_content":"","_et_gb_content_width":""},"product_brand":[],"product_cat":[132,120],"product_tag":[],"class_list":{"0":"post-52996","1":"product","2":"type-product","3":"status-publish","4":"has-post-thumbnail","6":"product_cat-kleider-roecke","7":"product_cat-konfektionsware","9":"first","10":"instock","11":"shipping-taxable","12":"purchasable","13":"product-type-simple"},"_links":{"self":[{"href":"https:\/\/mademois-elle.ch\/index.php?rest_route=\/wp\/v2\/product\/52996","targetHints":{"allow":["GET"]}}],"collection":[{"href":"https:\/\/mademois-elle.ch\/index.php?rest_route=\/wp\/v2\/product"}],"about":[{"href":"https:\/\/mademois-elle.ch\/index.php?rest_route=\/wp\/v2\/types\/product"}],"replies":[{"embeddable":true,"href":"https:\/\/mademois-elle.ch\/index.php?rest_route=%2Fwp%2Fv2%2Fcomments&post=52996"}],"wp:featuredmedia":[{"embeddable":true,"href":"https:\/\/mademois-elle.ch\/index.php?rest_route=\/wp\/v2\/media\/52997"}],"wp:attachment":[{"href":"https:\/\/mademois-elle.ch\/index.php?rest_route=%2Fwp%2Fv2%2Fmedia&parent=52996"}],"wp:term":[{"taxonomy":"product_brand","embeddable":true,"href":"https:\/\/mademois-elle.ch\/index.php?rest_route=%2Fwp%2Fv2%2Fproduct_brand&post=52996"},{"taxonomy":"product_cat","embeddable":true,"href":"https:\/\/mademois-elle.ch\/index.php?rest_route=%2Fwp%2Fv2%2Fproduct_cat&post=52996"},{"taxonomy":"product_tag","embeddable":true,"href":"https:\/\/mademois-elle.ch\/index.php?rest_route=%2Fwp%2Fv2%2Fproduct_tag&post=52996"}],"curies":[{"name":"wp","href":"https:\/\/api.w.org\/{rel}","templated":true}]}}