{"id":53055,"date":"2021-11-26T22:18:05","date_gmt":"2021-11-26T21:18:05","guid":{"rendered":"https:\/\/mademois-elle.ch\/?post_type=product&#038;p=53055"},"modified":"2024-12-05T19:55:45","modified_gmt":"2024-12-05T18:55:45","slug":"bluse-ludivine","status":"publish","type":"product","link":"https:\/\/mademois-elle.ch\/?product=bluse-ludivine&lang=de","title":{"rendered":"Bluse Ludivine"},"content":{"rendered":"","protected":false},"excerpt":{"rendered":"<p>Herbst-Winter-Kollektion<\/p>\n<p>Volant an der Vorderseite<\/p>\n<p>Nadine tr\u00e4gt Gr\u00f6\u00dfe S\/M<\/p>\n<p>100% Viskose<\/p>\n<p>&nbsp;<\/p>\n","protected":false},"featured_media":56169,"comment_status":"open","ping_status":"closed","template":"","meta":{"_et_pb_use_builder":"","_et_pb_old_content":"","_et_gb_content_width":""},"product_brand":[],"product_cat":[126,120],"product_tag":[],"class_list":{"0":"post-53055","1":"product","2":"type-product","3":"status-publish","4":"has-post-thumbnail","6":"product_cat-blusen-hemden","7":"product_cat-konfektionsware","9":"first","10":"instock","11":"sale","12":"shipping-taxable","13":"purchasable","14":"product-type-variable"},"_links":{"self":[{"href":"https:\/\/mademois-elle.ch\/index.php?rest_route=\/wp\/v2\/product\/53055","targetHints":{"allow":["GET"]}}],"collection":[{"href":"https:\/\/mademois-elle.ch\/index.php?rest_route=\/wp\/v2\/product"}],"about":[{"href":"https:\/\/mademois-elle.ch\/index.php?rest_route=\/wp\/v2\/types\/product"}],"replies":[{"embeddable":true,"href":"https:\/\/mademois-elle.ch\/index.php?rest_route=%2Fwp%2Fv2%2Fcomments&post=53055"}],"wp:featuredmedia":[{"embeddable":true,"href":"https:\/\/mademois-elle.ch\/index.php?rest_route=\/wp\/v2\/media\/56169"}],"wp:attachment":[{"href":"https:\/\/mademois-elle.ch\/index.php?rest_route=%2Fwp%2Fv2%2Fmedia&parent=53055"}],"wp:term":[{"taxonomy":"product_brand","embeddable":true,"href":"https:\/\/mademois-elle.ch\/index.php?rest_route=%2Fwp%2Fv2%2Fproduct_brand&post=53055"},{"taxonomy":"product_cat","embeddable":true,"href":"https:\/\/mademois-elle.ch\/index.php?rest_route=%2Fwp%2Fv2%2Fproduct_cat&post=53055"},{"taxonomy":"product_tag","embeddable":true,"href":"https:\/\/mademois-elle.ch\/index.php?rest_route=%2Fwp%2Fv2%2Fproduct_tag&post=53055"}],"curies":[{"name":"wp","href":"https:\/\/api.w.org\/{rel}","templated":true}]}}