{"id":53189,"date":"2021-11-27T17:46:37","date_gmt":"2021-11-27T16:46:37","guid":{"rendered":"https:\/\/mademois-elle.ch\/?post_type=product&#038;p=53189"},"modified":"2023-04-19T18:10:38","modified_gmt":"2023-04-19T16:10:38","slug":"cardigan-margot-creme","status":"publish","type":"product","link":"https:\/\/mademois-elle.ch\/?product=cardigan-margot-creme&lang=de","title":{"rendered":"Cardigan Margot Creme"},"content":{"rendered":"","protected":false},"excerpt":{"rendered":"<p>An den Schultern gerafft, passende Kn\u00f6pfe<\/p>\n<p>Erh\u00e4ltlich in anderen Farben<\/p>\n<p>TU &#8211; passt f\u00fcr die Gr\u00f6\u00dfen 36 bis 40<\/p>\n<p>48% Acryl &#8211; 25% Polyamid &#8211; 19% Filament &#8211; 8% Alpaka<\/p>\n","protected":false},"featured_media":58023,"comment_status":"open","ping_status":"closed","template":"","meta":{"_et_pb_use_builder":"","_et_pb_old_content":"","_et_gb_content_width":""},"product_brand":[],"product_cat":[120,124],"product_tag":[],"class_list":{"0":"post-53189","1":"product","2":"type-product","3":"status-publish","4":"has-post-thumbnail","6":"product_cat-konfektionsware","7":"product_cat-pullover-cardigans","9":"first","10":"instock","11":"shipping-taxable","12":"purchasable","13":"product-type-simple"},"_links":{"self":[{"href":"https:\/\/mademois-elle.ch\/index.php?rest_route=\/wp\/v2\/product\/53189","targetHints":{"allow":["GET"]}}],"collection":[{"href":"https:\/\/mademois-elle.ch\/index.php?rest_route=\/wp\/v2\/product"}],"about":[{"href":"https:\/\/mademois-elle.ch\/index.php?rest_route=\/wp\/v2\/types\/product"}],"replies":[{"embeddable":true,"href":"https:\/\/mademois-elle.ch\/index.php?rest_route=%2Fwp%2Fv2%2Fcomments&post=53189"}],"wp:featuredmedia":[{"embeddable":true,"href":"https:\/\/mademois-elle.ch\/index.php?rest_route=\/wp\/v2\/media\/58023"}],"wp:attachment":[{"href":"https:\/\/mademois-elle.ch\/index.php?rest_route=%2Fwp%2Fv2%2Fmedia&parent=53189"}],"wp:term":[{"taxonomy":"product_brand","embeddable":true,"href":"https:\/\/mademois-elle.ch\/index.php?rest_route=%2Fwp%2Fv2%2Fproduct_brand&post=53189"},{"taxonomy":"product_cat","embeddable":true,"href":"https:\/\/mademois-elle.ch\/index.php?rest_route=%2Fwp%2Fv2%2Fproduct_cat&post=53189"},{"taxonomy":"product_tag","embeddable":true,"href":"https:\/\/mademois-elle.ch\/index.php?rest_route=%2Fwp%2Fv2%2Fproduct_tag&post=53189"}],"curies":[{"name":"wp","href":"https:\/\/api.w.org\/{rel}","templated":true}]}}