{"id":53752,"date":"2021-12-23T14:51:31","date_gmt":"2021-12-23T13:51:31","guid":{"rendered":"https:\/\/mademois-elle.ch\/?post_type=product&#038;p=53752"},"modified":"2022-09-09T17:31:49","modified_gmt":"2022-09-09T15:31:49","slug":"cardigan-grace","status":"publish","type":"product","link":"https:\/\/mademois-elle.ch\/?product=cardigan-grace&lang=de","title":{"rendered":"Cardigan Grace"},"content":{"rendered":"","protected":false},"excerpt":{"rendered":"<p>Wundersch\u00f6nen Strick-Cardigan<\/p>\n<p>Hemdblusenkragen, 2 aufgesetzte Taschen mit Patte.<\/p>\n<p>TU &#8211; geeignet f\u00fcr die Gr\u00f6\u00dfen 36 bis 42<\/p>\n<p>5% Wolle &#8211; 15% Polyester &#8211; 30% Polyamid &#8211; 45% Viskose<\/p>\n","protected":false},"featured_media":56173,"comment_status":"open","ping_status":"closed","template":"","meta":{"_et_pb_use_builder":"","_et_pb_old_content":"","_et_gb_content_width":""},"product_brand":[],"product_cat":[120,124],"product_tag":[],"class_list":{"0":"post-53752","1":"product","2":"type-product","3":"status-publish","4":"has-post-thumbnail","6":"product_cat-konfektionsware","7":"product_cat-pullover-cardigans","9":"first","10":"instock","11":"shipping-taxable","12":"purchasable","13":"product-type-simple"},"_links":{"self":[{"href":"https:\/\/mademois-elle.ch\/index.php?rest_route=\/wp\/v2\/product\/53752","targetHints":{"allow":["GET"]}}],"collection":[{"href":"https:\/\/mademois-elle.ch\/index.php?rest_route=\/wp\/v2\/product"}],"about":[{"href":"https:\/\/mademois-elle.ch\/index.php?rest_route=\/wp\/v2\/types\/product"}],"replies":[{"embeddable":true,"href":"https:\/\/mademois-elle.ch\/index.php?rest_route=%2Fwp%2Fv2%2Fcomments&post=53752"}],"wp:featuredmedia":[{"embeddable":true,"href":"https:\/\/mademois-elle.ch\/index.php?rest_route=\/wp\/v2\/media\/56173"}],"wp:attachment":[{"href":"https:\/\/mademois-elle.ch\/index.php?rest_route=%2Fwp%2Fv2%2Fmedia&parent=53752"}],"wp:term":[{"taxonomy":"product_brand","embeddable":true,"href":"https:\/\/mademois-elle.ch\/index.php?rest_route=%2Fwp%2Fv2%2Fproduct_brand&post=53752"},{"taxonomy":"product_cat","embeddable":true,"href":"https:\/\/mademois-elle.ch\/index.php?rest_route=%2Fwp%2Fv2%2Fproduct_cat&post=53752"},{"taxonomy":"product_tag","embeddable":true,"href":"https:\/\/mademois-elle.ch\/index.php?rest_route=%2Fwp%2Fv2%2Fproduct_tag&post=53752"}],"curies":[{"name":"wp","href":"https:\/\/api.w.org\/{rel}","templated":true}]}}