{"id":53780,"date":"2021-12-17T18:10:18","date_gmt":"2021-12-17T17:10:18","guid":{"rendered":"https:\/\/mademois-elle.ch\/?post_type=product&#038;p=53780"},"modified":"2023-04-19T16:18:50","modified_gmt":"2023-04-19T14:18:50","slug":"pull-suzon-orange","status":"publish","type":"product","link":"https:\/\/mademois-elle.ch\/?product=pull-suzon-orange&lang=fr","title":{"rendered":"Pull Suzon Orange"},"content":{"rendered":"","protected":false},"excerpt":{"rendered":"<p>Magnifiques motifs fleuris<\/p>\n<p>Tr\u00e8s agr\u00e9able \u00e0 porter<\/p>\n<p>Le mannequin porte la taille S\/M<\/p>\n<p>43% Nylon &#8211; 28% Acrylique &#8211; 20% Polyester recycl\u00e9<\/p>\n","protected":false},"featured_media":57757,"comment_status":"open","ping_status":"closed","template":"","meta":{"_et_pb_use_builder":"","_et_pb_old_content":"","_et_gb_content_width":""},"product_brand":[],"product_cat":[23,59],"product_tag":[],"class_list":{"0":"post-53780","1":"product","2":"type-product","3":"status-publish","4":"has-post-thumbnail","6":"product_cat-pret-a-porter","7":"product_cat-pulls-gilets","9":"first","10":"instock","11":"sale","12":"shipping-taxable","13":"purchasable","14":"product-type-variable"},"_links":{"self":[{"href":"https:\/\/mademois-elle.ch\/index.php?rest_route=\/wp\/v2\/product\/53780","targetHints":{"allow":["GET"]}}],"collection":[{"href":"https:\/\/mademois-elle.ch\/index.php?rest_route=\/wp\/v2\/product"}],"about":[{"href":"https:\/\/mademois-elle.ch\/index.php?rest_route=\/wp\/v2\/types\/product"}],"replies":[{"embeddable":true,"href":"https:\/\/mademois-elle.ch\/index.php?rest_route=%2Fwp%2Fv2%2Fcomments&post=53780"}],"wp:featuredmedia":[{"embeddable":true,"href":"https:\/\/mademois-elle.ch\/index.php?rest_route=\/wp\/v2\/media\/57757"}],"wp:attachment":[{"href":"https:\/\/mademois-elle.ch\/index.php?rest_route=%2Fwp%2Fv2%2Fmedia&parent=53780"}],"wp:term":[{"taxonomy":"product_brand","embeddable":true,"href":"https:\/\/mademois-elle.ch\/index.php?rest_route=%2Fwp%2Fv2%2Fproduct_brand&post=53780"},{"taxonomy":"product_cat","embeddable":true,"href":"https:\/\/mademois-elle.ch\/index.php?rest_route=%2Fwp%2Fv2%2Fproduct_cat&post=53780"},{"taxonomy":"product_tag","embeddable":true,"href":"https:\/\/mademois-elle.ch\/index.php?rest_route=%2Fwp%2Fv2%2Fproduct_tag&post=53780"}],"curies":[{"name":"wp","href":"https:\/\/api.w.org\/{rel}","templated":true}]}}