{"id":53781,"date":"2021-12-17T18:10:19","date_gmt":"2021-12-17T17:10:19","guid":{"rendered":"https:\/\/mademois-elle.ch\/?post_type=product&#038;p=53781"},"modified":"2023-04-19T16:20:32","modified_gmt":"2023-04-19T14:20:32","slug":"pullover-suzon-orange","status":"publish","type":"product","link":"https:\/\/mademois-elle.ch\/?product=pullover-suzon-orange&lang=de","title":{"rendered":"Pullover Suzon Orange"},"content":{"rendered":"","protected":false},"excerpt":{"rendered":"<p>Wundersch\u00f6nes Blumenmuster<\/p>\n<p>Sehr angenehm zu tragen<\/p>\n<p>Das Model tr\u00e4gt die Gr\u00f6\u00dfe S\/M<\/p>\n<p>43% Nylon &#8211; 28% Acryl &#8211; 20% recyceltes Polyester<\/p>\n","protected":false},"featured_media":57864,"comment_status":"open","ping_status":"closed","template":"","meta":{"_et_pb_use_builder":"","_et_pb_old_content":"","_et_gb_content_width":""},"product_brand":[],"product_cat":[120,124],"product_tag":[],"class_list":{"0":"post-53781","1":"product","2":"type-product","3":"status-publish","4":"has-post-thumbnail","6":"product_cat-konfektionsware","7":"product_cat-pullover-cardigans","9":"first","10":"instock","11":"sale","12":"shipping-taxable","13":"purchasable","14":"product-type-variable"},"_links":{"self":[{"href":"https:\/\/mademois-elle.ch\/index.php?rest_route=\/wp\/v2\/product\/53781","targetHints":{"allow":["GET"]}}],"collection":[{"href":"https:\/\/mademois-elle.ch\/index.php?rest_route=\/wp\/v2\/product"}],"about":[{"href":"https:\/\/mademois-elle.ch\/index.php?rest_route=\/wp\/v2\/types\/product"}],"replies":[{"embeddable":true,"href":"https:\/\/mademois-elle.ch\/index.php?rest_route=%2Fwp%2Fv2%2Fcomments&post=53781"}],"wp:featuredmedia":[{"embeddable":true,"href":"https:\/\/mademois-elle.ch\/index.php?rest_route=\/wp\/v2\/media\/57864"}],"wp:attachment":[{"href":"https:\/\/mademois-elle.ch\/index.php?rest_route=%2Fwp%2Fv2%2Fmedia&parent=53781"}],"wp:term":[{"taxonomy":"product_brand","embeddable":true,"href":"https:\/\/mademois-elle.ch\/index.php?rest_route=%2Fwp%2Fv2%2Fproduct_brand&post=53781"},{"taxonomy":"product_cat","embeddable":true,"href":"https:\/\/mademois-elle.ch\/index.php?rest_route=%2Fwp%2Fv2%2Fproduct_cat&post=53781"},{"taxonomy":"product_tag","embeddable":true,"href":"https:\/\/mademois-elle.ch\/index.php?rest_route=%2Fwp%2Fv2%2Fproduct_tag&post=53781"}],"curies":[{"name":"wp","href":"https:\/\/api.w.org\/{rel}","templated":true}]}}