{"id":53894,"date":"2022-02-01T15:51:02","date_gmt":"2022-02-01T14:51:02","guid":{"rendered":"https:\/\/mademois-elle.ch\/?post_type=product&#038;p=53894"},"modified":"2022-12-29T17:11:11","modified_gmt":"2022-12-29T16:11:11","slug":"jupe-linda","status":"publish","type":"product","link":"https:\/\/mademois-elle.ch\/?product=jupe-linda&lang=fr","title":{"rendered":"Jupe Linda"},"content":{"rendered":"","protected":false},"excerpt":{"rendered":"<p>Mini jupe en similicuir<\/p>\n<p>Style porte-feuille \u00e0 nouer sur le c\u00f4t\u00e9<\/p>\n<p>Nadine porte la taille L<\/p>\n<p>40% Polyur\u00e9thane &#8211; 30% Polyester &#8211; 30% Cotton<\/p>\n","protected":false},"featured_media":56036,"comment_status":"open","ping_status":"closed","template":"","meta":{"_et_pb_use_builder":"","_et_pb_old_content":"","_et_gb_content_width":""},"product_brand":[],"product_cat":[23,62],"product_tag":[],"class_list":{"0":"post-53894","1":"product","2":"type-product","3":"status-publish","4":"has-post-thumbnail","6":"product_cat-pret-a-porter","7":"product_cat-robes-jupes","9":"first","10":"instock","11":"sale","12":"shipping-taxable","13":"purchasable","14":"product-type-variable"},"_links":{"self":[{"href":"https:\/\/mademois-elle.ch\/index.php?rest_route=\/wp\/v2\/product\/53894","targetHints":{"allow":["GET"]}}],"collection":[{"href":"https:\/\/mademois-elle.ch\/index.php?rest_route=\/wp\/v2\/product"}],"about":[{"href":"https:\/\/mademois-elle.ch\/index.php?rest_route=\/wp\/v2\/types\/product"}],"replies":[{"embeddable":true,"href":"https:\/\/mademois-elle.ch\/index.php?rest_route=%2Fwp%2Fv2%2Fcomments&post=53894"}],"wp:featuredmedia":[{"embeddable":true,"href":"https:\/\/mademois-elle.ch\/index.php?rest_route=\/wp\/v2\/media\/56036"}],"wp:attachment":[{"href":"https:\/\/mademois-elle.ch\/index.php?rest_route=%2Fwp%2Fv2%2Fmedia&parent=53894"}],"wp:term":[{"taxonomy":"product_brand","embeddable":true,"href":"https:\/\/mademois-elle.ch\/index.php?rest_route=%2Fwp%2Fv2%2Fproduct_brand&post=53894"},{"taxonomy":"product_cat","embeddable":true,"href":"https:\/\/mademois-elle.ch\/index.php?rest_route=%2Fwp%2Fv2%2Fproduct_cat&post=53894"},{"taxonomy":"product_tag","embeddable":true,"href":"https:\/\/mademois-elle.ch\/index.php?rest_route=%2Fwp%2Fv2%2Fproduct_tag&post=53894"}],"curies":[{"name":"wp","href":"https:\/\/api.w.org\/{rel}","templated":true}]}}