{"id":53898,"date":"2022-02-01T15:51:32","date_gmt":"2022-02-01T14:51:32","guid":{"rendered":"https:\/\/mademois-elle.ch\/?post_type=product&#038;p=53898"},"modified":"2022-09-09T17:56:29","modified_gmt":"2022-09-09T15:56:29","slug":"rock-linda","status":"publish","type":"product","link":"https:\/\/mademois-elle.ch\/?product=rock-linda&lang=de","title":{"rendered":"Rock Linda"},"content":{"rendered":"","protected":false},"excerpt":{"rendered":"<p>Minirock aus Kunstleder<\/p>\n<p>Portemonnaie-Stil zum seitlichen Binden.<\/p>\n<p>Nadine tr\u00e4gt Gr\u00f6\u00dfe L<\/p>\n<p>40% Polyurethan &#8211; 30% Polyester &#8211; 30% Baumwolle<\/p>\n","protected":false},"featured_media":56187,"comment_status":"open","ping_status":"closed","template":"","meta":{"_et_pb_use_builder":"","_et_pb_old_content":"","_et_gb_content_width":""},"product_brand":[],"product_cat":[132,120],"product_tag":[],"class_list":{"0":"post-53898","1":"product","2":"type-product","3":"status-publish","4":"has-post-thumbnail","6":"product_cat-kleider-roecke","7":"product_cat-konfektionsware","9":"first","10":"instock","11":"sale","12":"shipping-taxable","13":"purchasable","14":"product-type-variable"},"_links":{"self":[{"href":"https:\/\/mademois-elle.ch\/index.php?rest_route=\/wp\/v2\/product\/53898","targetHints":{"allow":["GET"]}}],"collection":[{"href":"https:\/\/mademois-elle.ch\/index.php?rest_route=\/wp\/v2\/product"}],"about":[{"href":"https:\/\/mademois-elle.ch\/index.php?rest_route=\/wp\/v2\/types\/product"}],"replies":[{"embeddable":true,"href":"https:\/\/mademois-elle.ch\/index.php?rest_route=%2Fwp%2Fv2%2Fcomments&post=53898"}],"wp:featuredmedia":[{"embeddable":true,"href":"https:\/\/mademois-elle.ch\/index.php?rest_route=\/wp\/v2\/media\/56187"}],"wp:attachment":[{"href":"https:\/\/mademois-elle.ch\/index.php?rest_route=%2Fwp%2Fv2%2Fmedia&parent=53898"}],"wp:term":[{"taxonomy":"product_brand","embeddable":true,"href":"https:\/\/mademois-elle.ch\/index.php?rest_route=%2Fwp%2Fv2%2Fproduct_brand&post=53898"},{"taxonomy":"product_cat","embeddable":true,"href":"https:\/\/mademois-elle.ch\/index.php?rest_route=%2Fwp%2Fv2%2Fproduct_cat&post=53898"},{"taxonomy":"product_tag","embeddable":true,"href":"https:\/\/mademois-elle.ch\/index.php?rest_route=%2Fwp%2Fv2%2Fproduct_tag&post=53898"}],"curies":[{"name":"wp","href":"https:\/\/api.w.org\/{rel}","templated":true}]}}