{"id":53912,"date":"2022-02-01T15:50:05","date_gmt":"2022-02-01T14:50:05","guid":{"rendered":"https:\/\/mademois-elle.ch\/?post_type=product&#038;p=53912"},"modified":"2022-02-01T15:50:06","modified_gmt":"2022-02-01T14:50:06","slug":"pullover-laura","status":"publish","type":"product","link":"https:\/\/mademois-elle.ch\/?product=pullover-laura&lang=de","title":{"rendered":"Pullover Laura"},"content":{"rendered":"","protected":false},"excerpt":{"rendered":"<p>Pullover mit trendigen Mustern<\/p>\n<p>Sehr angenehm zu tragen<\/p>\n<p>TU &#8211; passt f\u00fcr die Gr\u00f6\u00dfen 36 bis 42<\/p>\n<p>50% Acryl &#8211; 30% Polyamid &#8211; 10% Wolle &#8211; 10% Mohair<\/p>\n","protected":false},"featured_media":58020,"comment_status":"open","ping_status":"closed","template":"","meta":{"_et_pb_use_builder":"","_et_pb_old_content":"","_et_gb_content_width":""},"product_brand":[],"product_cat":[120,124],"product_tag":[],"class_list":{"0":"post-53912","1":"product","2":"type-product","3":"status-publish","4":"has-post-thumbnail","6":"product_cat-konfektionsware","7":"product_cat-pullover-cardigans","9":"first","10":"instock","11":"sale","12":"shipping-taxable","13":"purchasable","14":"product-type-simple"},"_links":{"self":[{"href":"https:\/\/mademois-elle.ch\/index.php?rest_route=\/wp\/v2\/product\/53912","targetHints":{"allow":["GET"]}}],"collection":[{"href":"https:\/\/mademois-elle.ch\/index.php?rest_route=\/wp\/v2\/product"}],"about":[{"href":"https:\/\/mademois-elle.ch\/index.php?rest_route=\/wp\/v2\/types\/product"}],"replies":[{"embeddable":true,"href":"https:\/\/mademois-elle.ch\/index.php?rest_route=%2Fwp%2Fv2%2Fcomments&post=53912"}],"wp:featuredmedia":[{"embeddable":true,"href":"https:\/\/mademois-elle.ch\/index.php?rest_route=\/wp\/v2\/media\/58020"}],"wp:attachment":[{"href":"https:\/\/mademois-elle.ch\/index.php?rest_route=%2Fwp%2Fv2%2Fmedia&parent=53912"}],"wp:term":[{"taxonomy":"product_brand","embeddable":true,"href":"https:\/\/mademois-elle.ch\/index.php?rest_route=%2Fwp%2Fv2%2Fproduct_brand&post=53912"},{"taxonomy":"product_cat","embeddable":true,"href":"https:\/\/mademois-elle.ch\/index.php?rest_route=%2Fwp%2Fv2%2Fproduct_cat&post=53912"},{"taxonomy":"product_tag","embeddable":true,"href":"https:\/\/mademois-elle.ch\/index.php?rest_route=%2Fwp%2Fv2%2Fproduct_tag&post=53912"}],"curies":[{"name":"wp","href":"https:\/\/api.w.org\/{rel}","templated":true}]}}