{"id":54164,"date":"2022-02-17T22:58:02","date_gmt":"2022-02-17T21:58:02","guid":{"rendered":"https:\/\/mademois-elle.ch\/?post_type=product&#038;p=54164"},"modified":"2023-05-31T11:11:50","modified_gmt":"2023-05-31T09:11:50","slug":"top-lona-schwarz","status":"publish","type":"product","link":"https:\/\/mademois-elle.ch\/?product=top-lona-schwarz&lang=de","title":{"rendered":"Top Lona Schwarz"},"content":{"rendered":"","protected":false},"excerpt":{"rendered":"<p>Top &#8211; Bluse mit Kn\u00f6pfen, zum Binden<\/p>\n<p>Fr\u00fchling &#8211; Sommer Kollektion<\/p>\n<p>Nadine tr\u00e4gt Gr\u00f6\u00dfe M<\/p>\n<p>100% Polyester<\/p>\n","protected":false},"featured_media":54171,"comment_status":"open","ping_status":"closed","template":"","meta":{"_et_pb_use_builder":"","_et_pb_old_content":"","_et_gb_content_width":""},"product_brand":[],"product_cat":[120,128],"product_tag":[],"class_list":{"0":"post-54164","1":"product","2":"type-product","3":"status-publish","4":"has-post-thumbnail","6":"product_cat-konfektionsware","7":"product_cat-oberteile-t-shirts","9":"first","10":"instock","11":"sale","12":"shipping-taxable","13":"purchasable","14":"product-type-variable"},"_links":{"self":[{"href":"https:\/\/mademois-elle.ch\/index.php?rest_route=\/wp\/v2\/product\/54164","targetHints":{"allow":["GET"]}}],"collection":[{"href":"https:\/\/mademois-elle.ch\/index.php?rest_route=\/wp\/v2\/product"}],"about":[{"href":"https:\/\/mademois-elle.ch\/index.php?rest_route=\/wp\/v2\/types\/product"}],"replies":[{"embeddable":true,"href":"https:\/\/mademois-elle.ch\/index.php?rest_route=%2Fwp%2Fv2%2Fcomments&post=54164"}],"wp:featuredmedia":[{"embeddable":true,"href":"https:\/\/mademois-elle.ch\/index.php?rest_route=\/wp\/v2\/media\/54171"}],"wp:attachment":[{"href":"https:\/\/mademois-elle.ch\/index.php?rest_route=%2Fwp%2Fv2%2Fmedia&parent=54164"}],"wp:term":[{"taxonomy":"product_brand","embeddable":true,"href":"https:\/\/mademois-elle.ch\/index.php?rest_route=%2Fwp%2Fv2%2Fproduct_brand&post=54164"},{"taxonomy":"product_cat","embeddable":true,"href":"https:\/\/mademois-elle.ch\/index.php?rest_route=%2Fwp%2Fv2%2Fproduct_cat&post=54164"},{"taxonomy":"product_tag","embeddable":true,"href":"https:\/\/mademois-elle.ch\/index.php?rest_route=%2Fwp%2Fv2%2Fproduct_tag&post=54164"}],"curies":[{"name":"wp","href":"https:\/\/api.w.org\/{rel}","templated":true}]}}