{"id":54180,"date":"2022-02-21T15:33:19","date_gmt":"2022-02-21T14:33:19","guid":{"rendered":"https:\/\/mademois-elle.ch\/?post_type=product&#038;p=54180"},"modified":"2023-01-16T15:47:41","modified_gmt":"2023-01-16T14:47:41","slug":"top-beverly","status":"publish","type":"product","link":"https:\/\/mademois-elle.ch\/?product=top-beverly&lang=de","title":{"rendered":"Top Beverly"},"content":{"rendered":"","protected":false},"excerpt":{"rendered":"<p>Mit Blumen bedruckt<\/p>\n<p>Sch\u00f6ne Details auf dem R\u00fccken<\/p>\n<p>Nadine tr\u00e4gt Gr\u00f6\u00dfe M<\/p>\n<p>100% Viskose<\/p>\n","protected":false},"featured_media":54181,"comment_status":"open","ping_status":"closed","template":"","meta":{"_et_pb_use_builder":"","_et_pb_old_content":"","_et_gb_content_width":""},"product_brand":[],"product_cat":[120,128],"product_tag":[],"class_list":{"0":"post-54180","1":"product","2":"type-product","3":"status-publish","4":"has-post-thumbnail","6":"product_cat-konfektionsware","7":"product_cat-oberteile-t-shirts","9":"first","10":"instock","11":"sale","12":"shipping-taxable","13":"purchasable","14":"product-type-variable"},"_links":{"self":[{"href":"https:\/\/mademois-elle.ch\/index.php?rest_route=\/wp\/v2\/product\/54180","targetHints":{"allow":["GET"]}}],"collection":[{"href":"https:\/\/mademois-elle.ch\/index.php?rest_route=\/wp\/v2\/product"}],"about":[{"href":"https:\/\/mademois-elle.ch\/index.php?rest_route=\/wp\/v2\/types\/product"}],"replies":[{"embeddable":true,"href":"https:\/\/mademois-elle.ch\/index.php?rest_route=%2Fwp%2Fv2%2Fcomments&post=54180"}],"wp:featuredmedia":[{"embeddable":true,"href":"https:\/\/mademois-elle.ch\/index.php?rest_route=\/wp\/v2\/media\/54181"}],"wp:attachment":[{"href":"https:\/\/mademois-elle.ch\/index.php?rest_route=%2Fwp%2Fv2%2Fmedia&parent=54180"}],"wp:term":[{"taxonomy":"product_brand","embeddable":true,"href":"https:\/\/mademois-elle.ch\/index.php?rest_route=%2Fwp%2Fv2%2Fproduct_brand&post=54180"},{"taxonomy":"product_cat","embeddable":true,"href":"https:\/\/mademois-elle.ch\/index.php?rest_route=%2Fwp%2Fv2%2Fproduct_cat&post=54180"},{"taxonomy":"product_tag","embeddable":true,"href":"https:\/\/mademois-elle.ch\/index.php?rest_route=%2Fwp%2Fv2%2Fproduct_tag&post=54180"}],"curies":[{"name":"wp","href":"https:\/\/api.w.org\/{rel}","templated":true}]}}