{"id":54199,"date":"2022-02-21T16:04:20","date_gmt":"2022-02-21T15:04:20","guid":{"rendered":"https:\/\/mademois-elle.ch\/?post_type=product&#038;p=54199"},"modified":"2023-03-14T15:07:46","modified_gmt":"2023-03-14T14:07:46","slug":"robe-daniela","status":"publish","type":"product","link":"https:\/\/mademois-elle.ch\/?product=robe-daniela&lang=fr","title":{"rendered":"Robe Daniela"},"content":{"rendered":"","protected":false},"excerpt":{"rendered":"<p>Magnifique robe cache-coeur<\/p>\n<p>A nouer sur le c\u00f4t\u00e9, volants sur les \u00e9paules<\/p>\n<p>Nadine porte la taille S\/M<\/p>\n<p>100% Polyester<\/p>\n","protected":false},"featured_media":54042,"comment_status":"open","ping_status":"closed","template":"","meta":{"_et_pb_use_builder":"","_et_pb_old_content":"","_et_gb_content_width":""},"product_brand":[],"product_cat":[23,62],"product_tag":[],"class_list":{"0":"post-54199","1":"product","2":"type-product","3":"status-publish","4":"has-post-thumbnail","6":"product_cat-pret-a-porter","7":"product_cat-robes-jupes","9":"first","10":"instock","11":"shipping-taxable","12":"purchasable","13":"product-type-variable"},"_links":{"self":[{"href":"https:\/\/mademois-elle.ch\/index.php?rest_route=\/wp\/v2\/product\/54199","targetHints":{"allow":["GET"]}}],"collection":[{"href":"https:\/\/mademois-elle.ch\/index.php?rest_route=\/wp\/v2\/product"}],"about":[{"href":"https:\/\/mademois-elle.ch\/index.php?rest_route=\/wp\/v2\/types\/product"}],"replies":[{"embeddable":true,"href":"https:\/\/mademois-elle.ch\/index.php?rest_route=%2Fwp%2Fv2%2Fcomments&post=54199"}],"wp:featuredmedia":[{"embeddable":true,"href":"https:\/\/mademois-elle.ch\/index.php?rest_route=\/wp\/v2\/media\/54042"}],"wp:attachment":[{"href":"https:\/\/mademois-elle.ch\/index.php?rest_route=%2Fwp%2Fv2%2Fmedia&parent=54199"}],"wp:term":[{"taxonomy":"product_brand","embeddable":true,"href":"https:\/\/mademois-elle.ch\/index.php?rest_route=%2Fwp%2Fv2%2Fproduct_brand&post=54199"},{"taxonomy":"product_cat","embeddable":true,"href":"https:\/\/mademois-elle.ch\/index.php?rest_route=%2Fwp%2Fv2%2Fproduct_cat&post=54199"},{"taxonomy":"product_tag","embeddable":true,"href":"https:\/\/mademois-elle.ch\/index.php?rest_route=%2Fwp%2Fv2%2Fproduct_tag&post=54199"}],"curies":[{"name":"wp","href":"https:\/\/api.w.org\/{rel}","templated":true}]}}