{"id":54549,"date":"2022-03-22T23:24:25","date_gmt":"2022-03-22T22:24:25","guid":{"rendered":"https:\/\/mademois-elle.ch\/?post_type=product&#038;p=54549"},"modified":"2023-03-14T15:23:27","modified_gmt":"2023-03-14T14:23:27","slug":"rock-tabatta","status":"publish","type":"product","link":"https:\/\/mademois-elle.ch\/?product=rock-tabatta&lang=de","title":{"rendered":"Rock Tabatta"},"content":{"rendered":"","protected":false},"excerpt":{"rendered":"<p>Langer Rock mit Blumenmuster<\/p>\n<p>Vorne geschlitzt<\/p>\n<p>Nadine tr\u00e4gt Gr\u00f6\u00dfe M<\/p>\n<p>100% Polyester &#8211; Futter 100% Baumwolle<\/p>\n","protected":false},"featured_media":54550,"comment_status":"open","ping_status":"closed","template":"","meta":{"_et_pb_use_builder":"","_et_pb_old_content":"","_et_gb_content_width":""},"product_brand":[],"product_cat":[132,120],"product_tag":[],"class_list":{"0":"post-54549","1":"product","2":"type-product","3":"status-publish","4":"has-post-thumbnail","6":"product_cat-kleider-roecke","7":"product_cat-konfektionsware","9":"first","10":"instock","11":"shipping-taxable","12":"purchasable","13":"product-type-variable"},"_links":{"self":[{"href":"https:\/\/mademois-elle.ch\/index.php?rest_route=\/wp\/v2\/product\/54549","targetHints":{"allow":["GET"]}}],"collection":[{"href":"https:\/\/mademois-elle.ch\/index.php?rest_route=\/wp\/v2\/product"}],"about":[{"href":"https:\/\/mademois-elle.ch\/index.php?rest_route=\/wp\/v2\/types\/product"}],"replies":[{"embeddable":true,"href":"https:\/\/mademois-elle.ch\/index.php?rest_route=%2Fwp%2Fv2%2Fcomments&post=54549"}],"wp:featuredmedia":[{"embeddable":true,"href":"https:\/\/mademois-elle.ch\/index.php?rest_route=\/wp\/v2\/media\/54550"}],"wp:attachment":[{"href":"https:\/\/mademois-elle.ch\/index.php?rest_route=%2Fwp%2Fv2%2Fmedia&parent=54549"}],"wp:term":[{"taxonomy":"product_brand","embeddable":true,"href":"https:\/\/mademois-elle.ch\/index.php?rest_route=%2Fwp%2Fv2%2Fproduct_brand&post=54549"},{"taxonomy":"product_cat","embeddable":true,"href":"https:\/\/mademois-elle.ch\/index.php?rest_route=%2Fwp%2Fv2%2Fproduct_cat&post=54549"},{"taxonomy":"product_tag","embeddable":true,"href":"https:\/\/mademois-elle.ch\/index.php?rest_route=%2Fwp%2Fv2%2Fproduct_tag&post=54549"}],"curies":[{"name":"wp","href":"https:\/\/api.w.org\/{rel}","templated":true}]}}