{"id":55977,"date":"2022-09-09T19:00:05","date_gmt":"2022-09-09T17:00:05","guid":{"rendered":"https:\/\/mademois-elle.ch\/?post_type=product&#038;p=55977"},"modified":"2022-11-29T22:29:56","modified_gmt":"2022-11-29T21:29:56","slug":"jupe-florence","status":"publish","type":"product","link":"https:\/\/mademois-elle.ch\/?product=jupe-florence&lang=fr","title":{"rendered":"Jupe Florence"},"content":{"rendered":"","protected":false},"excerpt":{"rendered":"<p>Magnifique jupe pliss\u00e9e tendance<\/p>\n<p>Taille \u00e9lastique, tr\u00e8s fluide, doubl\u00e9e<\/p>\n<p>TU &#8211; convient aux tailles 36 \u00e0 42<\/p>\n<p>100% Polyester<\/p>\n","protected":false},"featured_media":56061,"comment_status":"open","ping_status":"closed","template":"","meta":{"_et_pb_use_builder":"","_et_pb_old_content":"","_et_gb_content_width":""},"product_brand":[],"product_cat":[23,62],"product_tag":[],"class_list":{"0":"post-55977","1":"product","2":"type-product","3":"status-publish","4":"has-post-thumbnail","6":"product_cat-pret-a-porter","7":"product_cat-robes-jupes","9":"first","10":"instock","11":"shipping-taxable","12":"purchasable","13":"product-type-simple"},"_links":{"self":[{"href":"https:\/\/mademois-elle.ch\/index.php?rest_route=\/wp\/v2\/product\/55977","targetHints":{"allow":["GET"]}}],"collection":[{"href":"https:\/\/mademois-elle.ch\/index.php?rest_route=\/wp\/v2\/product"}],"about":[{"href":"https:\/\/mademois-elle.ch\/index.php?rest_route=\/wp\/v2\/types\/product"}],"replies":[{"embeddable":true,"href":"https:\/\/mademois-elle.ch\/index.php?rest_route=%2Fwp%2Fv2%2Fcomments&post=55977"}],"wp:featuredmedia":[{"embeddable":true,"href":"https:\/\/mademois-elle.ch\/index.php?rest_route=\/wp\/v2\/media\/56061"}],"wp:attachment":[{"href":"https:\/\/mademois-elle.ch\/index.php?rest_route=%2Fwp%2Fv2%2Fmedia&parent=55977"}],"wp:term":[{"taxonomy":"product_brand","embeddable":true,"href":"https:\/\/mademois-elle.ch\/index.php?rest_route=%2Fwp%2Fv2%2Fproduct_brand&post=55977"},{"taxonomy":"product_cat","embeddable":true,"href":"https:\/\/mademois-elle.ch\/index.php?rest_route=%2Fwp%2Fv2%2Fproduct_cat&post=55977"},{"taxonomy":"product_tag","embeddable":true,"href":"https:\/\/mademois-elle.ch\/index.php?rest_route=%2Fwp%2Fv2%2Fproduct_tag&post=55977"}],"curies":[{"name":"wp","href":"https:\/\/api.w.org\/{rel}","templated":true}]}}