{"id":55984,"date":"2022-09-09T19:00:13","date_gmt":"2022-09-09T17:00:13","guid":{"rendered":"https:\/\/mademois-elle.ch\/?post_type=product&#038;p=55984"},"modified":"2023-04-19T15:49:06","modified_gmt":"2023-04-19T13:49:06","slug":"rock-malone-terrakotta","status":"publish","type":"product","link":"https:\/\/mademois-elle.ch\/?product=rock-malone-terrakotta&lang=de","title":{"rendered":"Rock Malone Terrakotta"},"content":{"rendered":"","protected":false},"excerpt":{"rendered":"<p>Kurzer Faltenrock<\/p>\n<p>Blumiges Muster<\/p>\n<p>TU &#8211; geeignet f\u00fcr die Gr\u00f6\u00dfen 36 bis 40 &#8211; Elastischer Bund<\/p>\n<p>95% Polyester &#8211; 5% Elasthan<\/p>\n","protected":false},"featured_media":57834,"comment_status":"open","ping_status":"closed","template":"","meta":{"_et_pb_use_builder":"","_et_pb_old_content":"","_et_gb_content_width":""},"product_brand":[],"product_cat":[132,120],"product_tag":[],"class_list":{"0":"post-55984","1":"product","2":"type-product","3":"status-publish","4":"has-post-thumbnail","6":"product_cat-kleider-roecke","7":"product_cat-konfektionsware","9":"first","10":"instock","11":"sale","12":"shipping-taxable","13":"purchasable","14":"product-type-simple"},"_links":{"self":[{"href":"https:\/\/mademois-elle.ch\/index.php?rest_route=\/wp\/v2\/product\/55984","targetHints":{"allow":["GET"]}}],"collection":[{"href":"https:\/\/mademois-elle.ch\/index.php?rest_route=\/wp\/v2\/product"}],"about":[{"href":"https:\/\/mademois-elle.ch\/index.php?rest_route=\/wp\/v2\/types\/product"}],"replies":[{"embeddable":true,"href":"https:\/\/mademois-elle.ch\/index.php?rest_route=%2Fwp%2Fv2%2Fcomments&post=55984"}],"wp:featuredmedia":[{"embeddable":true,"href":"https:\/\/mademois-elle.ch\/index.php?rest_route=\/wp\/v2\/media\/57834"}],"wp:attachment":[{"href":"https:\/\/mademois-elle.ch\/index.php?rest_route=%2Fwp%2Fv2%2Fmedia&parent=55984"}],"wp:term":[{"taxonomy":"product_brand","embeddable":true,"href":"https:\/\/mademois-elle.ch\/index.php?rest_route=%2Fwp%2Fv2%2Fproduct_brand&post=55984"},{"taxonomy":"product_cat","embeddable":true,"href":"https:\/\/mademois-elle.ch\/index.php?rest_route=%2Fwp%2Fv2%2Fproduct_cat&post=55984"},{"taxonomy":"product_tag","embeddable":true,"href":"https:\/\/mademois-elle.ch\/index.php?rest_route=%2Fwp%2Fv2%2Fproduct_tag&post=55984"}],"curies":[{"name":"wp","href":"https:\/\/api.w.org\/{rel}","templated":true}]}}