{"id":55988,"date":"2022-09-09T19:00:24","date_gmt":"2022-09-09T17:00:24","guid":{"rendered":"https:\/\/mademois-elle.ch\/?post_type=product&#038;p=55988"},"modified":"2023-01-03T15:28:46","modified_gmt":"2023-01-03T14:28:46","slug":"cardigan-mailys-blau","status":"publish","type":"product","link":"https:\/\/mademois-elle.ch\/?product=cardigan-mailys-blau&lang=de","title":{"rendered":"Cardigan Ma\u00eflys Blau"},"content":{"rendered":"","protected":false},"excerpt":{"rendered":"<p>Wundersch\u00f6ne Strickjacke ohne Kn\u00f6pfe<\/p>\n<p>Offen oder mit einem G\u00fcrtel zu tragen<\/p>\n<p>TU &#8211; passt in den Gr\u00f6\u00dfen 36 bis 42<\/p>\n<p>45% Mohair &#8211; 30% Polyamid &#8211; 25% Acryl<\/p>\n","protected":false},"featured_media":56160,"comment_status":"open","ping_status":"closed","template":"","meta":{"_et_pb_use_builder":"","_et_pb_old_content":"","_et_gb_content_width":""},"product_brand":[],"product_cat":[120,124],"product_tag":[],"class_list":{"0":"post-55988","1":"product","2":"type-product","3":"status-publish","4":"has-post-thumbnail","6":"product_cat-konfektionsware","7":"product_cat-pullover-cardigans","9":"first","10":"instock","11":"sale","12":"shipping-taxable","13":"purchasable","14":"product-type-simple"},"_links":{"self":[{"href":"https:\/\/mademois-elle.ch\/index.php?rest_route=\/wp\/v2\/product\/55988","targetHints":{"allow":["GET"]}}],"collection":[{"href":"https:\/\/mademois-elle.ch\/index.php?rest_route=\/wp\/v2\/product"}],"about":[{"href":"https:\/\/mademois-elle.ch\/index.php?rest_route=\/wp\/v2\/types\/product"}],"replies":[{"embeddable":true,"href":"https:\/\/mademois-elle.ch\/index.php?rest_route=%2Fwp%2Fv2%2Fcomments&post=55988"}],"wp:featuredmedia":[{"embeddable":true,"href":"https:\/\/mademois-elle.ch\/index.php?rest_route=\/wp\/v2\/media\/56160"}],"wp:attachment":[{"href":"https:\/\/mademois-elle.ch\/index.php?rest_route=%2Fwp%2Fv2%2Fmedia&parent=55988"}],"wp:term":[{"taxonomy":"product_brand","embeddable":true,"href":"https:\/\/mademois-elle.ch\/index.php?rest_route=%2Fwp%2Fv2%2Fproduct_brand&post=55988"},{"taxonomy":"product_cat","embeddable":true,"href":"https:\/\/mademois-elle.ch\/index.php?rest_route=%2Fwp%2Fv2%2Fproduct_cat&post=55988"},{"taxonomy":"product_tag","embeddable":true,"href":"https:\/\/mademois-elle.ch\/index.php?rest_route=%2Fwp%2Fv2%2Fproduct_tag&post=55988"}],"curies":[{"name":"wp","href":"https:\/\/api.w.org\/{rel}","templated":true}]}}