{"id":55998,"date":"2022-09-09T15:41:54","date_gmt":"2022-09-09T13:41:54","guid":{"rendered":"https:\/\/mademois-elle.ch\/?post_type=product&#038;p=55998"},"modified":"2023-04-19T15:56:45","modified_gmt":"2023-04-19T13:56:45","slug":"kleid-fava","status":"publish","type":"product","link":"https:\/\/mademois-elle.ch\/?product=kleid-fava&lang=de","title":{"rendered":"Kleid Fava"},"content":{"rendered":"","protected":false},"excerpt":{"rendered":"<p>Wundersch\u00f6nes Blumenkleid<\/p>\n<p>Farbe Tannengr\u00fcn, mit Lurexf\u00e4den<\/p>\n<p>Das Model tr\u00e4gt die Gr\u00f6\u00dfe S\/M<\/p>\n<p>100% Polyester<\/p>\n","protected":false},"featured_media":57838,"comment_status":"open","ping_status":"closed","template":"","meta":{"_et_pb_use_builder":"","_et_pb_old_content":"","_et_gb_content_width":""},"product_brand":[],"product_cat":[132,120],"product_tag":[],"class_list":{"0":"post-55998","1":"product","2":"type-product","3":"status-publish","4":"has-post-thumbnail","6":"product_cat-kleider-roecke","7":"product_cat-konfektionsware","9":"first","10":"instock","11":"sale","12":"shipping-taxable","13":"purchasable","14":"product-type-variable"},"_links":{"self":[{"href":"https:\/\/mademois-elle.ch\/index.php?rest_route=\/wp\/v2\/product\/55998","targetHints":{"allow":["GET"]}}],"collection":[{"href":"https:\/\/mademois-elle.ch\/index.php?rest_route=\/wp\/v2\/product"}],"about":[{"href":"https:\/\/mademois-elle.ch\/index.php?rest_route=\/wp\/v2\/types\/product"}],"replies":[{"embeddable":true,"href":"https:\/\/mademois-elle.ch\/index.php?rest_route=%2Fwp%2Fv2%2Fcomments&post=55998"}],"wp:featuredmedia":[{"embeddable":true,"href":"https:\/\/mademois-elle.ch\/index.php?rest_route=\/wp\/v2\/media\/57838"}],"wp:attachment":[{"href":"https:\/\/mademois-elle.ch\/index.php?rest_route=%2Fwp%2Fv2%2Fmedia&parent=55998"}],"wp:term":[{"taxonomy":"product_brand","embeddable":true,"href":"https:\/\/mademois-elle.ch\/index.php?rest_route=%2Fwp%2Fv2%2Fproduct_brand&post=55998"},{"taxonomy":"product_cat","embeddable":true,"href":"https:\/\/mademois-elle.ch\/index.php?rest_route=%2Fwp%2Fv2%2Fproduct_cat&post=55998"},{"taxonomy":"product_tag","embeddable":true,"href":"https:\/\/mademois-elle.ch\/index.php?rest_route=%2Fwp%2Fv2%2Fproduct_tag&post=55998"}],"curies":[{"name":"wp","href":"https:\/\/api.w.org\/{rel}","templated":true}]}}