{"id":56909,"date":"2022-11-30T21:00:19","date_gmt":"2022-11-30T20:00:19","guid":{"rendered":"https:\/\/mademois-elle.ch\/?post_type=product&#038;p=56909"},"modified":"2022-11-29T18:31:57","modified_gmt":"2022-11-29T17:31:57","slug":"hemd-suzzy","status":"publish","type":"product","link":"https:\/\/mademois-elle.ch\/?product=hemd-suzzy&lang=de","title":{"rendered":"Hemd Suzzy"},"content":{"rendered":"","protected":false},"excerpt":{"rendered":"<p>Wundersch\u00f6nes satiniertes Hemd<\/p>\n<p>Multicolor, mit schwarzen Kn\u00f6pfen<\/p>\n<p>Nadine tr\u00e4gt Gr\u00f6\u00dfe S<\/p>\n<p>100% Polyester<\/p>\n","protected":false},"featured_media":56910,"comment_status":"open","ping_status":"closed","template":"","meta":{"_et_pb_use_builder":"","_et_pb_old_content":"","_et_gb_content_width":""},"product_brand":[],"product_cat":[126,120,118],"product_tag":[],"class_list":{"0":"post-56909","1":"product","2":"type-product","3":"status-publish","4":"has-post-thumbnail","6":"product_cat-blusen-hemden","7":"product_cat-konfektionsware","8":"product_cat-neuheiten","10":"first","11":"instock","12":"shipping-taxable","13":"purchasable","14":"product-type-variable"},"_links":{"self":[{"href":"https:\/\/mademois-elle.ch\/index.php?rest_route=\/wp\/v2\/product\/56909","targetHints":{"allow":["GET"]}}],"collection":[{"href":"https:\/\/mademois-elle.ch\/index.php?rest_route=\/wp\/v2\/product"}],"about":[{"href":"https:\/\/mademois-elle.ch\/index.php?rest_route=\/wp\/v2\/types\/product"}],"replies":[{"embeddable":true,"href":"https:\/\/mademois-elle.ch\/index.php?rest_route=%2Fwp%2Fv2%2Fcomments&post=56909"}],"wp:featuredmedia":[{"embeddable":true,"href":"https:\/\/mademois-elle.ch\/index.php?rest_route=\/wp\/v2\/media\/56910"}],"wp:attachment":[{"href":"https:\/\/mademois-elle.ch\/index.php?rest_route=%2Fwp%2Fv2%2Fmedia&parent=56909"}],"wp:term":[{"taxonomy":"product_brand","embeddable":true,"href":"https:\/\/mademois-elle.ch\/index.php?rest_route=%2Fwp%2Fv2%2Fproduct_brand&post=56909"},{"taxonomy":"product_cat","embeddable":true,"href":"https:\/\/mademois-elle.ch\/index.php?rest_route=%2Fwp%2Fv2%2Fproduct_cat&post=56909"},{"taxonomy":"product_tag","embeddable":true,"href":"https:\/\/mademois-elle.ch\/index.php?rest_route=%2Fwp%2Fv2%2Fproduct_tag&post=56909"}],"curies":[{"name":"wp","href":"https:\/\/api.w.org\/{rel}","templated":true}]}}