{"id":56937,"date":"2022-11-30T21:00:47","date_gmt":"2022-11-30T20:00:47","guid":{"rendered":"https:\/\/mademois-elle.ch\/?post_type=product&#038;p=56937"},"modified":"2022-12-27T20:12:55","modified_gmt":"2022-12-27T19:12:55","slug":"kleid-junnie-gruen","status":"publish","type":"product","link":"https:\/\/mademois-elle.ch\/?product=kleid-junnie-gruen&lang=de","title":{"rendered":"Kleid Junnie Gr\u00fcn"},"content":{"rendered":"","protected":false},"excerpt":{"rendered":"<p>Pullover-Kleid aus Strick<\/p>\n<p>Kn\u00f6pfe im R\u00fccken, kann auf beiden Seiten getragen werden.<\/p>\n<p>TU &#8211; geeignet f\u00fcr die Gr\u00f6\u00dfen 36 bis 42<\/p>\n<p>70% Wolle &#8211; 30% Baumwolle<\/p>\n","protected":false},"featured_media":57973,"comment_status":"open","ping_status":"closed","template":"","meta":{"_et_pb_use_builder":"","_et_pb_old_content":"","_et_gb_content_width":""},"product_brand":[],"product_cat":[132,120],"product_tag":[],"class_list":{"0":"post-56937","1":"product","2":"type-product","3":"status-publish","4":"has-post-thumbnail","6":"product_cat-kleider-roecke","7":"product_cat-konfektionsware","9":"first","10":"instock","11":"shipping-taxable","12":"purchasable","13":"product-type-simple"},"_links":{"self":[{"href":"https:\/\/mademois-elle.ch\/index.php?rest_route=\/wp\/v2\/product\/56937","targetHints":{"allow":["GET"]}}],"collection":[{"href":"https:\/\/mademois-elle.ch\/index.php?rest_route=\/wp\/v2\/product"}],"about":[{"href":"https:\/\/mademois-elle.ch\/index.php?rest_route=\/wp\/v2\/types\/product"}],"replies":[{"embeddable":true,"href":"https:\/\/mademois-elle.ch\/index.php?rest_route=%2Fwp%2Fv2%2Fcomments&post=56937"}],"wp:featuredmedia":[{"embeddable":true,"href":"https:\/\/mademois-elle.ch\/index.php?rest_route=\/wp\/v2\/media\/57973"}],"wp:attachment":[{"href":"https:\/\/mademois-elle.ch\/index.php?rest_route=%2Fwp%2Fv2%2Fmedia&parent=56937"}],"wp:term":[{"taxonomy":"product_brand","embeddable":true,"href":"https:\/\/mademois-elle.ch\/index.php?rest_route=%2Fwp%2Fv2%2Fproduct_brand&post=56937"},{"taxonomy":"product_cat","embeddable":true,"href":"https:\/\/mademois-elle.ch\/index.php?rest_route=%2Fwp%2Fv2%2Fproduct_cat&post=56937"},{"taxonomy":"product_tag","embeddable":true,"href":"https:\/\/mademois-elle.ch\/index.php?rest_route=%2Fwp%2Fv2%2Fproduct_tag&post=56937"}],"curies":[{"name":"wp","href":"https:\/\/api.w.org\/{rel}","templated":true}]}}