{"id":58049,"date":"2023-04-24T22:45:31","date_gmt":"2023-04-24T20:45:31","guid":{"rendered":"https:\/\/mademois-elle.ch\/?post_type=product&#038;p=58049"},"modified":"2023-12-11T22:18:11","modified_gmt":"2023-12-11T21:18:11","slug":"jupe-solea","status":"publish","type":"product","link":"https:\/\/mademois-elle.ch\/?product=jupe-solea&lang=fr","title":{"rendered":"Jupe Solea"},"content":{"rendered":"","protected":false},"excerpt":{"rendered":"<p>Escandelle Paris<\/p>\n<p>Jupe longue \u00e0 volants parfaite pour un style d\u00e9contract\u00e9 et confortable. Style boh\u00e8me, sa taille haute met en valeur et sa mati\u00e8re est l\u00e9g\u00e8re agr\u00e9able.<\/p>\n<p>Le mannequin mesure 176cm et porte une taille S<\/p>\n<p>100% Viscose<\/p>\n","protected":false},"featured_media":57737,"comment_status":"open","ping_status":"closed","template":"","meta":{"_et_pb_use_builder":"","_et_pb_old_content":"","_et_gb_content_width":""},"product_brand":[],"product_cat":[23,62],"product_tag":[],"class_list":{"0":"post-58049","1":"product","2":"type-product","3":"status-publish","4":"has-post-thumbnail","6":"product_cat-pret-a-porter","7":"product_cat-robes-jupes","9":"first","10":"instock","11":"shipping-taxable","12":"purchasable","13":"product-type-variable"},"_links":{"self":[{"href":"https:\/\/mademois-elle.ch\/index.php?rest_route=\/wp\/v2\/product\/58049","targetHints":{"allow":["GET"]}}],"collection":[{"href":"https:\/\/mademois-elle.ch\/index.php?rest_route=\/wp\/v2\/product"}],"about":[{"href":"https:\/\/mademois-elle.ch\/index.php?rest_route=\/wp\/v2\/types\/product"}],"replies":[{"embeddable":true,"href":"https:\/\/mademois-elle.ch\/index.php?rest_route=%2Fwp%2Fv2%2Fcomments&post=58049"}],"wp:featuredmedia":[{"embeddable":true,"href":"https:\/\/mademois-elle.ch\/index.php?rest_route=\/wp\/v2\/media\/57737"}],"wp:attachment":[{"href":"https:\/\/mademois-elle.ch\/index.php?rest_route=%2Fwp%2Fv2%2Fmedia&parent=58049"}],"wp:term":[{"taxonomy":"product_brand","embeddable":true,"href":"https:\/\/mademois-elle.ch\/index.php?rest_route=%2Fwp%2Fv2%2Fproduct_brand&post=58049"},{"taxonomy":"product_cat","embeddable":true,"href":"https:\/\/mademois-elle.ch\/index.php?rest_route=%2Fwp%2Fv2%2Fproduct_cat&post=58049"},{"taxonomy":"product_tag","embeddable":true,"href":"https:\/\/mademois-elle.ch\/index.php?rest_route=%2Fwp%2Fv2%2Fproduct_tag&post=58049"}],"curies":[{"name":"wp","href":"https:\/\/api.w.org\/{rel}","templated":true}]}}