{"id":58053,"date":"2023-04-24T22:45:57","date_gmt":"2023-04-24T20:45:57","guid":{"rendered":"https:\/\/mademois-elle.ch\/?post_type=product&#038;p=58053"},"modified":"2023-04-24T22:45:58","modified_gmt":"2023-04-24T20:45:58","slug":"rock-solea","status":"publish","type":"product","link":"https:\/\/mademois-elle.ch\/?product=rock-solea&lang=de","title":{"rendered":"Rock Solea"},"content":{"rendered":"","protected":false},"excerpt":{"rendered":"<p>Escandelle Paris<\/p>\n<p>Langer Rock mit Volants, der perfekt f\u00fcr einen l\u00e4ssigen und bequemen Stil. Bohemian Style, die hohe Taille betont und das Material ist angenehm leicht.<\/p>\n<p>Das Model ist 176 cm gro\u00df und tr\u00e4gt Gr\u00f6\u00dfe S<\/p>\n<p>100% Viskose<\/p>\n","protected":false},"featured_media":58054,"comment_status":"open","ping_status":"closed","template":"","meta":{"_et_pb_use_builder":"","_et_pb_old_content":"","_et_gb_content_width":""},"product_brand":[],"product_cat":[132,120],"product_tag":[],"class_list":{"0":"post-58053","1":"product","2":"type-product","3":"status-publish","4":"has-post-thumbnail","6":"product_cat-kleider-roecke","7":"product_cat-konfektionsware","9":"first","10":"instock","11":"shipping-taxable","12":"purchasable","13":"product-type-variable"},"_links":{"self":[{"href":"https:\/\/mademois-elle.ch\/index.php?rest_route=\/wp\/v2\/product\/58053","targetHints":{"allow":["GET"]}}],"collection":[{"href":"https:\/\/mademois-elle.ch\/index.php?rest_route=\/wp\/v2\/product"}],"about":[{"href":"https:\/\/mademois-elle.ch\/index.php?rest_route=\/wp\/v2\/types\/product"}],"replies":[{"embeddable":true,"href":"https:\/\/mademois-elle.ch\/index.php?rest_route=%2Fwp%2Fv2%2Fcomments&post=58053"}],"wp:featuredmedia":[{"embeddable":true,"href":"https:\/\/mademois-elle.ch\/index.php?rest_route=\/wp\/v2\/media\/58054"}],"wp:attachment":[{"href":"https:\/\/mademois-elle.ch\/index.php?rest_route=%2Fwp%2Fv2%2Fmedia&parent=58053"}],"wp:term":[{"taxonomy":"product_brand","embeddable":true,"href":"https:\/\/mademois-elle.ch\/index.php?rest_route=%2Fwp%2Fv2%2Fproduct_brand&post=58053"},{"taxonomy":"product_cat","embeddable":true,"href":"https:\/\/mademois-elle.ch\/index.php?rest_route=%2Fwp%2Fv2%2Fproduct_cat&post=58053"},{"taxonomy":"product_tag","embeddable":true,"href":"https:\/\/mademois-elle.ch\/index.php?rest_route=%2Fwp%2Fv2%2Fproduct_tag&post=58053"}],"curies":[{"name":"wp","href":"https:\/\/api.w.org\/{rel}","templated":true}]}}