{"id":58061,"date":"2023-04-24T22:44:31","date_gmt":"2023-04-24T20:44:31","guid":{"rendered":"https:\/\/mademois-elle.ch\/?post_type=product&#038;p=58061"},"modified":"2023-12-11T22:20:59","modified_gmt":"2023-12-11T21:20:59","slug":"robe-palma","status":"publish","type":"product","link":"https:\/\/mademois-elle.ch\/?product=robe-palma&lang=fr","title":{"rendered":"Robe Palma"},"content":{"rendered":"","protected":false},"excerpt":{"rendered":"<p>Escandelle Paris<\/p>\n<p>Robe imprim\u00e9e \u00e0 col en V et manches courtes, fluide et l\u00e9g\u00e8re, adapt\u00e9e \u00e0 toute tenue d\u00e9contract\u00e9e et f\u00e9minine. Longue avec la taille marqu\u00e9e et des fentes sur les deux c\u00f4t\u00e9s, elle est confortable et pratique.<\/p>\n<p>Le mannequin mesure 176cm et porte la taille S<\/p>\n<p>100% viscose<\/p>\n","protected":false},"featured_media":57727,"comment_status":"open","ping_status":"closed","template":"","meta":{"_et_pb_use_builder":"","_et_pb_old_content":"","_et_gb_content_width":""},"product_brand":[],"product_cat":[23,62],"product_tag":[],"class_list":{"0":"post-58061","1":"product","2":"type-product","3":"status-publish","4":"has-post-thumbnail","6":"product_cat-pret-a-porter","7":"product_cat-robes-jupes","9":"first","10":"instock","11":"shipping-taxable","12":"purchasable","13":"product-type-variable"},"_links":{"self":[{"href":"https:\/\/mademois-elle.ch\/index.php?rest_route=\/wp\/v2\/product\/58061","targetHints":{"allow":["GET"]}}],"collection":[{"href":"https:\/\/mademois-elle.ch\/index.php?rest_route=\/wp\/v2\/product"}],"about":[{"href":"https:\/\/mademois-elle.ch\/index.php?rest_route=\/wp\/v2\/types\/product"}],"replies":[{"embeddable":true,"href":"https:\/\/mademois-elle.ch\/index.php?rest_route=%2Fwp%2Fv2%2Fcomments&post=58061"}],"wp:featuredmedia":[{"embeddable":true,"href":"https:\/\/mademois-elle.ch\/index.php?rest_route=\/wp\/v2\/media\/57727"}],"wp:attachment":[{"href":"https:\/\/mademois-elle.ch\/index.php?rest_route=%2Fwp%2Fv2%2Fmedia&parent=58061"}],"wp:term":[{"taxonomy":"product_brand","embeddable":true,"href":"https:\/\/mademois-elle.ch\/index.php?rest_route=%2Fwp%2Fv2%2Fproduct_brand&post=58061"},{"taxonomy":"product_cat","embeddable":true,"href":"https:\/\/mademois-elle.ch\/index.php?rest_route=%2Fwp%2Fv2%2Fproduct_cat&post=58061"},{"taxonomy":"product_tag","embeddable":true,"href":"https:\/\/mademois-elle.ch\/index.php?rest_route=%2Fwp%2Fv2%2Fproduct_tag&post=58061"}],"curies":[{"name":"wp","href":"https:\/\/api.w.org\/{rel}","templated":true}]}}