{"id":58075,"date":"2023-04-24T22:46:27","date_gmt":"2023-04-24T20:46:27","guid":{"rendered":"https:\/\/mademois-elle.ch\/?post_type=product&#038;p=58075"},"modified":"2023-12-11T22:19:08","modified_gmt":"2023-12-11T21:19:08","slug":"blouse-palma","status":"publish","type":"product","link":"https:\/\/mademois-elle.ch\/?product=blouse-palma&lang=fr","title":{"rendered":"Blouse Palma"},"content":{"rendered":"","protected":false},"excerpt":{"rendered":"<p>Escandelle Paris<\/p>\n<p>Cette blouse \u00e0 manches courtes et volants est parfaite pour \u00eatre confortable. A volants et boutons, sa mati\u00e8re est l\u00e9g\u00e8re et douce.<\/p>\n<p>Le mannequin mesure 176cm et porte une taille S<\/p>\n<p>100% Viscose<\/p>\n","protected":false},"featured_media":57733,"comment_status":"open","ping_status":"closed","template":"","meta":{"_et_pb_use_builder":"","_et_pb_old_content":"","_et_gb_content_width":""},"product_brand":[],"product_cat":[60,57,23],"product_tag":[],"class_list":{"0":"post-58075","1":"product","2":"type-product","3":"status-publish","4":"has-post-thumbnail","6":"product_cat-blouses-chemises","7":"product_cat-nouveautes","8":"product_cat-pret-a-porter","10":"first","11":"instock","12":"shipping-taxable","13":"purchasable","14":"product-type-variable"},"_links":{"self":[{"href":"https:\/\/mademois-elle.ch\/index.php?rest_route=\/wp\/v2\/product\/58075","targetHints":{"allow":["GET"]}}],"collection":[{"href":"https:\/\/mademois-elle.ch\/index.php?rest_route=\/wp\/v2\/product"}],"about":[{"href":"https:\/\/mademois-elle.ch\/index.php?rest_route=\/wp\/v2\/types\/product"}],"replies":[{"embeddable":true,"href":"https:\/\/mademois-elle.ch\/index.php?rest_route=%2Fwp%2Fv2%2Fcomments&post=58075"}],"wp:featuredmedia":[{"embeddable":true,"href":"https:\/\/mademois-elle.ch\/index.php?rest_route=\/wp\/v2\/media\/57733"}],"wp:attachment":[{"href":"https:\/\/mademois-elle.ch\/index.php?rest_route=%2Fwp%2Fv2%2Fmedia&parent=58075"}],"wp:term":[{"taxonomy":"product_brand","embeddable":true,"href":"https:\/\/mademois-elle.ch\/index.php?rest_route=%2Fwp%2Fv2%2Fproduct_brand&post=58075"},{"taxonomy":"product_cat","embeddable":true,"href":"https:\/\/mademois-elle.ch\/index.php?rest_route=%2Fwp%2Fv2%2Fproduct_cat&post=58075"},{"taxonomy":"product_tag","embeddable":true,"href":"https:\/\/mademois-elle.ch\/index.php?rest_route=%2Fwp%2Fv2%2Fproduct_tag&post=58075"}],"curies":[{"name":"wp","href":"https:\/\/api.w.org\/{rel}","templated":true}]}}