{"id":58079,"date":"2023-04-24T22:46:53","date_gmt":"2023-04-24T20:46:53","guid":{"rendered":"https:\/\/mademois-elle.ch\/?post_type=product&#038;p=58079"},"modified":"2023-05-25T16:09:09","modified_gmt":"2023-05-25T14:09:09","slug":"bluse-palma","status":"publish","type":"product","link":"https:\/\/mademois-elle.ch\/?product=bluse-palma&lang=de","title":{"rendered":"Bluse Palma"},"content":{"rendered":"","protected":false},"excerpt":{"rendered":"<p>Escandelle Paris<\/p>\n<p>Diese Bluse mit kurzen \u00c4rmeln und Volants ist perfekt, um bequem zu sein. Mit R\u00fcschen und Kn\u00f6pfen ist ihr Material leicht und weich.<\/p>\n<p>Das Model ist 176 cm gro\u00df und tr\u00e4gt Gr\u00f6\u00dfe S.<\/p>\n<p>100% Viskose<\/p>\n","protected":false},"featured_media":58080,"comment_status":"open","ping_status":"closed","template":"","meta":{"_et_pb_use_builder":"","_et_pb_old_content":"","_et_gb_content_width":""},"product_brand":[],"product_cat":[126,120,118],"product_tag":[],"class_list":{"0":"post-58079","1":"product","2":"type-product","3":"status-publish","4":"has-post-thumbnail","6":"product_cat-blusen-hemden","7":"product_cat-konfektionsware","8":"product_cat-neuheiten","10":"first","11":"instock","12":"shipping-taxable","13":"purchasable","14":"product-type-variable"},"_links":{"self":[{"href":"https:\/\/mademois-elle.ch\/index.php?rest_route=\/wp\/v2\/product\/58079","targetHints":{"allow":["GET"]}}],"collection":[{"href":"https:\/\/mademois-elle.ch\/index.php?rest_route=\/wp\/v2\/product"}],"about":[{"href":"https:\/\/mademois-elle.ch\/index.php?rest_route=\/wp\/v2\/types\/product"}],"replies":[{"embeddable":true,"href":"https:\/\/mademois-elle.ch\/index.php?rest_route=%2Fwp%2Fv2%2Fcomments&post=58079"}],"wp:featuredmedia":[{"embeddable":true,"href":"https:\/\/mademois-elle.ch\/index.php?rest_route=\/wp\/v2\/media\/58080"}],"wp:attachment":[{"href":"https:\/\/mademois-elle.ch\/index.php?rest_route=%2Fwp%2Fv2%2Fmedia&parent=58079"}],"wp:term":[{"taxonomy":"product_brand","embeddable":true,"href":"https:\/\/mademois-elle.ch\/index.php?rest_route=%2Fwp%2Fv2%2Fproduct_brand&post=58079"},{"taxonomy":"product_cat","embeddable":true,"href":"https:\/\/mademois-elle.ch\/index.php?rest_route=%2Fwp%2Fv2%2Fproduct_cat&post=58079"},{"taxonomy":"product_tag","embeddable":true,"href":"https:\/\/mademois-elle.ch\/index.php?rest_route=%2Fwp%2Fv2%2Fproduct_tag&post=58079"}],"curies":[{"name":"wp","href":"https:\/\/api.w.org\/{rel}","templated":true}]}}