{"id":58110,"date":"2023-04-20T18:28:05","date_gmt":"2023-04-20T16:28:05","guid":{"rendered":"https:\/\/mademois-elle.ch\/?post_type=product&#038;p=58110"},"modified":"2023-04-24T22:49:43","modified_gmt":"2023-04-24T20:49:43","slug":"top-antoine-schwarz","status":"publish","type":"product","link":"https:\/\/mademois-elle.ch\/?product=top-antoine-schwarz&lang=de","title":{"rendered":"Top Antoine Schwarz"},"content":{"rendered":"","protected":false},"excerpt":{"rendered":"<p>Lovie &amp; Co<\/p>\n<p>Top aus Spitze, kurze \u00c4rmel, Rundhalsausschnitt.<\/p>\n<p>Das Model tr\u00e4gt Gr\u00f6\u00dfe S<\/p>\n<p>100% recyceltes Polyester<\/p>\n","protected":false},"featured_media":58117,"comment_status":"open","ping_status":"closed","template":"","meta":{"_et_pb_use_builder":"","_et_pb_old_content":"","_et_gb_content_width":""},"product_brand":[],"product_cat":[120,118,128],"product_tag":[],"class_list":{"0":"post-58110","1":"product","2":"type-product","3":"status-publish","4":"has-post-thumbnail","6":"product_cat-konfektionsware","7":"product_cat-neuheiten","8":"product_cat-oberteile-t-shirts","10":"first","11":"instock","12":"shipping-taxable","13":"purchasable","14":"product-type-variable"},"_links":{"self":[{"href":"https:\/\/mademois-elle.ch\/index.php?rest_route=\/wp\/v2\/product\/58110","targetHints":{"allow":["GET"]}}],"collection":[{"href":"https:\/\/mademois-elle.ch\/index.php?rest_route=\/wp\/v2\/product"}],"about":[{"href":"https:\/\/mademois-elle.ch\/index.php?rest_route=\/wp\/v2\/types\/product"}],"replies":[{"embeddable":true,"href":"https:\/\/mademois-elle.ch\/index.php?rest_route=%2Fwp%2Fv2%2Fcomments&post=58110"}],"wp:featuredmedia":[{"embeddable":true,"href":"https:\/\/mademois-elle.ch\/index.php?rest_route=\/wp\/v2\/media\/58117"}],"wp:attachment":[{"href":"https:\/\/mademois-elle.ch\/index.php?rest_route=%2Fwp%2Fv2%2Fmedia&parent=58110"}],"wp:term":[{"taxonomy":"product_brand","embeddable":true,"href":"https:\/\/mademois-elle.ch\/index.php?rest_route=%2Fwp%2Fv2%2Fproduct_brand&post=58110"},{"taxonomy":"product_cat","embeddable":true,"href":"https:\/\/mademois-elle.ch\/index.php?rest_route=%2Fwp%2Fv2%2Fproduct_cat&post=58110"},{"taxonomy":"product_tag","embeddable":true,"href":"https:\/\/mademois-elle.ch\/index.php?rest_route=%2Fwp%2Fv2%2Fproduct_tag&post=58110"}],"curies":[{"name":"wp","href":"https:\/\/api.w.org\/{rel}","templated":true}]}}