{"id":58125,"date":"2023-04-24T22:50:43","date_gmt":"2023-04-24T20:50:43","guid":{"rendered":"https:\/\/mademois-elle.ch\/?post_type=product&#038;p=58125"},"modified":"2023-04-24T22:50:44","modified_gmt":"2023-04-24T20:50:44","slug":"t-shirt-marine-2","status":"publish","type":"product","link":"https:\/\/mademois-elle.ch\/?product=t-shirt-marine-2&lang=de","title":{"rendered":"T-Shirt Marine"},"content":{"rendered":"","protected":false},"excerpt":{"rendered":"<p>Marini\u00e8re-T-Shirt, wendbar<\/p>\n<p>Mit goldenen Kn\u00f6pfen und leicht taillierter Passform.<\/p>\n<p>Nadine tr\u00e4gt Gr\u00f6\u00dfe M.<\/p>\n<p>95% Baumwolle &#8211; 5% Elastan<\/p>\n","protected":false},"featured_media":58169,"comment_status":"open","ping_status":"closed","template":"","meta":{"_et_pb_use_builder":"","_et_pb_old_content":"","_et_gb_content_width":""},"product_brand":[],"product_cat":[120,128],"product_tag":[],"class_list":{"0":"post-58125","1":"product","2":"type-product","3":"status-publish","4":"has-post-thumbnail","6":"product_cat-konfektionsware","7":"product_cat-oberteile-t-shirts","9":"first","10":"instock","11":"shipping-taxable","12":"purchasable","13":"product-type-variable"},"_links":{"self":[{"href":"https:\/\/mademois-elle.ch\/index.php?rest_route=\/wp\/v2\/product\/58125","targetHints":{"allow":["GET"]}}],"collection":[{"href":"https:\/\/mademois-elle.ch\/index.php?rest_route=\/wp\/v2\/product"}],"about":[{"href":"https:\/\/mademois-elle.ch\/index.php?rest_route=\/wp\/v2\/types\/product"}],"replies":[{"embeddable":true,"href":"https:\/\/mademois-elle.ch\/index.php?rest_route=%2Fwp%2Fv2%2Fcomments&post=58125"}],"wp:featuredmedia":[{"embeddable":true,"href":"https:\/\/mademois-elle.ch\/index.php?rest_route=\/wp\/v2\/media\/58169"}],"wp:attachment":[{"href":"https:\/\/mademois-elle.ch\/index.php?rest_route=%2Fwp%2Fv2%2Fmedia&parent=58125"}],"wp:term":[{"taxonomy":"product_brand","embeddable":true,"href":"https:\/\/mademois-elle.ch\/index.php?rest_route=%2Fwp%2Fv2%2Fproduct_brand&post=58125"},{"taxonomy":"product_cat","embeddable":true,"href":"https:\/\/mademois-elle.ch\/index.php?rest_route=%2Fwp%2Fv2%2Fproduct_cat&post=58125"},{"taxonomy":"product_tag","embeddable":true,"href":"https:\/\/mademois-elle.ch\/index.php?rest_route=%2Fwp%2Fv2%2Fproduct_tag&post=58125"}],"curies":[{"name":"wp","href":"https:\/\/api.w.org\/{rel}","templated":true}]}}